{"id":228,"date":"2020-02-10T09:28:24","date_gmt":"2020-02-10T08:28:24","guid":{"rendered":"https:\/\/www.ahumadosarte.com\/salmo\/"},"modified":"2020-02-10T09:33:08","modified_gmt":"2020-02-10T08:33:08","slug":"salmo","status":"publish","type":"page","link":"https:\/\/www.ahumadosarte.com\/ca\/productes\/salmo\/","title":{"rendered":"Salm\u00f3"},"content":{"rendered":"<div class=\"wpb-content-wrapper\"><p>[vc_row css_animation=&#8221;&#8221; row_type=&#8221;row&#8221; use_row_as_full_screen_section=&#8221;no&#8221; type=&#8221;full_width&#8221; angled_section=&#8221;no&#8221; text_align=&#8221;left&#8221; background_image_as_pattern=&#8221;without_pattern&#8221;][vc_column css_animation=&#8221;fadeInDown&#8221;][vc_column_text css=&#8221;.vc_custom_1576761139304{padding-right: 40px !important;padding-left: 40px !important;}&#8221;]<\/p>\n<h1><strong>Salm\u00f3 <\/strong>fumat<\/h1>\n<p>[\/vc_column_text][\/vc_column][\/vc_row][vc_row css_animation=&#8221;&#8221; row_type=&#8221;row&#8221; use_row_as_full_screen_section=&#8221;no&#8221; type=&#8221;grid&#8221; angled_section=&#8221;no&#8221; text_align=&#8221;left&#8221; background_image_as_pattern=&#8221;without_pattern&#8221; css=&#8221;.vc_custom_1576675903991{background-color: #ffffff !important;}&#8221; z_index=&#8221;&#8221;][vc_column css_animation=&#8221;fadeInLeft&#8221; width=&#8221;1\/2&#8243;][vc_single_image image=&#8221;234&#8243; img_size=&#8221;full&#8221; alignment=&#8221;center&#8221; qode_css_animation=&#8221;&#8221; css=&#8221;.vc_custom_1576767099267{margin-bottom: 20px !important;}&#8221;][\/vc_column][vc_column css_animation=&#8221;fadeInRight&#8221; width=&#8221;1\/2&#8243;][vc_column_text css=&#8221;.vc_custom_1576767030736{padding-bottom: 40px !important;}&#8221;]<strong>El nostre producte estrella \u00e9s el Salm\u00f3 Fumat, procedent de Noruega (salm\u00f3 europeu), producte totalment lliure d&#8217;anisakis, criat en piscifactoria<\/strong>.<\/p>\n<p>Ens arriba el producte fresc cada setmana, <strong>directament des de Noruega<\/strong>, vam comprovar immediatament la qualitat i frescor del producte. A continuaci\u00f3 procedim a iniciar tot el proc\u00e9s d&#8217;elaboraci\u00f3.<\/p>\n<p>\u00c9s salat a m\u00e0, amb una barreja de sal i sucre i premsat queda <strong>durant 24<\/strong> hores per expulsar l&#8217;aigua que cont\u00e9.<\/p>\n<p>El seg\u00fcent pas, un dels punts clau, <strong>\u00e9s l&#8217;assecat i fumat<\/strong>. L&#8217;assecat \u00e9s totalment manual, segons temperatura i humitat de l&#8217;exterior es va regulant la de l&#8217;producte.[\/vc_column_text][\/vc_column][\/vc_row][vc_row css_animation=&#8221;&#8221; row_type=&#8221;row&#8221; use_row_as_full_screen_section=&#8221;no&#8221; type=&#8221;grid&#8221; angled_section=&#8221;no&#8221; text_align=&#8221;left&#8221; background_image_as_pattern=&#8221;without_pattern&#8221; css=&#8221;.vc_custom_1576767526905{background-color: #ffffff !important;}&#8221; z_index=&#8221;&#8221;][vc_column css_animation=&#8221;fadeInLeft&#8221; width=&#8221;1\/2&#8243;][vc_column_text css=&#8221;.vc_custom_1576767024779{padding-bottom: 40px !important;}&#8221;]El fum ho vam crear a partir d&#8217;una barreja <strong>d&#8217;esp\u00e8cies naturals i herbes arom\u00e0tiques<\/strong>, tot aix\u00f2 juntament amb serradures de faig, el millor que hi ha per fumar.<\/p>\n<p>El nostre fumat \u00e9s el que li d\u00f3na a l&#8217;salm\u00f3 aquest suau i delicat sabor, \u00e9s el punt principal que ens fa destacar.<\/p>\n<p><strong>El salm\u00f3 \u00e9s un dels aliments amb major quantitat d&#8217;OMEGA-3, i una font natural de prote\u00efnes<\/strong>. \u00c9s un aliment recomanat per a nens i per a gent gran.[\/vc_column_text][\/vc_column][vc_column css_animation=&#8221;fadeInRight&#8221; width=&#8221;1\/2&#8243;][vc_single_image image=&#8221;230&#8243; img_size=&#8221;full&#8221; alignment=&#8221;center&#8221; qode_css_animation=&#8221;&#8221; css=&#8221;.vc_custom_1576767484981{margin-bottom: 20px !important;}&#8221;][\/vc_column][\/vc_row][vc_row css_animation=&#8221;element_from_bottom&#8221; row_type=&#8221;row&#8221; use_row_as_full_screen_section=&#8221;no&#8221; type=&#8221;full_width&#8221; angled_section=&#8221;no&#8221; text_align=&#8221;center&#8221; background_image_as_pattern=&#8221;without_pattern&#8221; css=&#8221;.vc_custom_1576765325443{margin-top: 40px !important;padding-right: 40px !important;padding-left: 40px !important;background-color: #f9f9f9 !important;}&#8221; z_index=&#8221;&#8221; el_class=&#8221;last-product&#8221;][vc_column][vc_column_text css=&#8221;.vc_custom_1576765350298{padding-top: 40px !important;padding-right: 40px !important;padding-bottom: 20px !important;padding-left: 40px !important;}&#8221;]<\/p>\n<h2 style=\"text-align: center;\">Salm\u00f3 fumat noruec<\/h2>\n<p>[\/vc_column_text][vc_row_inner row_type=&#8221;row&#8221; type=&#8221;full_width&#8221; text_align=&#8221;center&#8221; css_animation=&#8221;&#8221; css=&#8221;.vc_custom_1576761328079{padding-top: 20px !important;padding-bottom: 20px !important;}&#8221;][vc_column_inner width=&#8221;1\/5&#8243;][vc_single_image image=&#8221;92&#8243; img_size=&#8221;full&#8221; alignment=&#8221;center&#8221; onclick=&#8221;link_image&#8221; qode_css_animation=&#8221;&#8221;][vc_column_text css=&#8221;.vc_custom_1576765178011{padding-top: 20px !important;padding-bottom: 20px !important;}&#8221;]<\/p>\n<h4 style=\"text-align: center;\"><strong>Pe\u00e7a tallada<\/strong><br \/>\n750gr\/1kg a 1.300kg<\/h4>\n<p>[\/vc_column_text][\/vc_column_inner][vc_column_inner width=&#8221;1\/5&#8243;][vc_single_image image=&#8221;119&#8243; img_size=&#8221;full&#8221; alignment=&#8221;center&#8221; onclick=&#8221;link_image&#8221; qode_css_animation=&#8221;&#8221;][vc_column_text css=&#8221;.vc_custom_1576765184790{padding-top: 20px !important;padding-bottom: 20px !important;}&#8221;]<\/p>\n<h4 style=\"text-align: center;\"><strong>Safata<\/strong><br \/>\n100\/250gr.<\/h4>\n<p>[\/vc_column_text][\/vc_column_inner][vc_column_inner width=&#8221;1\/5&#8243;][vc_single_image image=&#8221;116&#8243; img_size=&#8221;full&#8221; alignment=&#8221;center&#8221; onclick=&#8221;link_image&#8221; qode_css_animation=&#8221;&#8221;][vc_column_text css=&#8221;.vc_custom_1576765206061{padding-top: 20px !important;padding-bottom: 20px !important;}&#8221;]<\/p>\n<h4 style=\"text-align: center;\"><strong>Llom Salm\u00f3 Fumat estoig<br \/>\n<\/strong>210\/220gr.<\/h4>\n<p>[\/vc_column_text][\/vc_column_inner][vc_column_inner width=&#8221;1\/5&#8243;][vc_single_image image=&#8221;111&#8243; img_size=&#8221;full&#8221; alignment=&#8221;center&#8221; onclick=&#8221;link_image&#8221; qode_css_animation=&#8221;&#8221;][vc_column_text css=&#8221;.vc_custom_1576765229392{padding-top: 20px !important;padding-bottom: 20px !important;}&#8221;]<\/p>\n<h4 style=\"text-align: center;\"><strong>Dau de salm\u00f3 a l\u2019alfabrega amb oli<\/strong><strong>en oli-barqueta<\/strong> 150 gr. esc.<\/h4>\n<p>[\/vc_column_text][\/vc_column_inner][vc_column_inner width=&#8221;1\/5&#8243;][vc_single_image image=&#8221;110&#8243; img_size=&#8221;full&#8221; alignment=&#8221;center&#8221; onclick=&#8221;link_image&#8221; qode_css_animation=&#8221;&#8221;][vc_column_text css=&#8221;.vc_custom_1576765222913{padding-top: 20px !important;padding-bottom: 20px !important;}&#8221;]<\/p>\n<h4 style=\"text-align: center;\"><strong>Daus de salm\u00f3 en <\/strong><br \/>\n<strong>oli-barqueta<\/strong> 500 gr. esc.<\/h4>\n<p>[\/vc_column_text][\/vc_column_inner][\/vc_row_inner][vc_row_inner row_type=&#8221;row&#8221; type=&#8221;full_width&#8221; text_align=&#8221;center&#8221; css_animation=&#8221;&#8221; css=&#8221;.vc_custom_1576761328079{padding-top: 20px !important;padding-bottom: 20px !important;}&#8221;][vc_column_inner width=&#8221;1\/5&#8243;][vc_single_image image=&#8221;105&#8243; img_size=&#8221;full&#8221; alignment=&#8221;center&#8221; onclick=&#8221;link_image&#8221; qode_css_animation=&#8221;&#8221;][vc_column_text css=&#8221;.vc_custom_1576765236899{padding-top: 20px !important;padding-bottom: 20px !important;}&#8221;]<\/p>\n<h4 style=\"text-align: center;\"><strong>Carpacci\u00f3 salm\u00f3 al <\/strong><br \/>\n<strong>oli terrina<\/strong> 200\/500 gr. esc.<\/h4>\n<p>[\/vc_column_text][\/vc_column_inner][vc_column_inner width=&#8221;1\/5&#8243;][vc_single_image image=&#8221;106&#8243; img_size=&#8221;full&#8221; alignment=&#8221;center&#8221; onclick=&#8221;link_image&#8221; qode_css_animation=&#8221;&#8221;][vc_column_text css=&#8221;.vc_custom_1576765274327{padding-top: 20px !important;padding-bottom: 20px !important;}&#8221;]<\/p>\n<h4 style=\"text-align: center;\"><strong>Carpacci\u00f3 salm\u00f3 en <\/strong><br \/>\n<strong>oli-barqueta<\/strong> 90 gr. esc.<\/h4>\n<p>[\/vc_column_text][\/vc_column_inner][vc_column_inner width=&#8221;1\/5&#8243;][vc_single_image image=&#8221;109&#8243; img_size=&#8221;full&#8221; alignment=&#8221;center&#8221; onclick=&#8221;link_image&#8221; qode_css_animation=&#8221;&#8221;][vc_column_text css=&#8221;.vc_custom_1581323552612{padding-top: 20px !important;padding-bottom: 20px !important;}&#8221;]<\/p>\n<h4 style=\"text-align: center;\"><strong>Daus de salm\u00f3-formatge Havarti oli-barqueta<\/strong> 150 gr. esc.<\/h4>\n<p>[\/vc_column_text][\/vc_column_inner][vc_column_inner width=&#8221;1\/5&#8243;][vc_single_image image=&#8221;117&#8243; img_size=&#8221;full&#8221; alignment=&#8221;center&#8221; onclick=&#8221;link_image&#8221; qode_css_animation=&#8221;&#8221;][vc_column_text css=&#8221;.vc_custom_1581323524337{padding-top: 20px !important;padding-bottom: 20px !important;}&#8221;]<\/p>\n<h4 style=\"text-align: center;\"><strong>Pinxo de salm\u00f3 amb <\/strong><strong>formatge (formatge havarti) &#8211; barqueta<\/strong> (25u)<\/h4>\n<p>[\/vc_column_text][\/vc_column_inner][vc_column_inner width=&#8221;1\/5&#8243;][vc_single_image image=&#8221;115&#8243; img_size=&#8221;full&#8221; alignment=&#8221;center&#8221; onclick=&#8221;link_image&#8221; qode_css_animation=&#8221;&#8221;][vc_column_text css=&#8221;.vc_custom_1576765295053{padding-top: 20px !important;padding-bottom: 20px !important;}&#8221;]<\/p>\n<h4 style=\"text-align: center;\"><strong>Lloms de salm\u00f3 en oli-barqueta<\/strong><br \/>\n100gr. esc. (9-11u)<\/h4>\n<p>[\/vc_column_text][\/vc_column_inner][\/vc_row_inner][vc_row_inner row_type=&#8221;row&#8221; type=&#8221;full_width&#8221; text_align=&#8221;center&#8221; css_animation=&#8221;&#8221; css=&#8221;.vc_custom_1576761328079{padding-top: 20px !important;padding-bottom: 20px !important;}&#8221;][vc_column_inner width=&#8221;1\/5&#8243;][\/vc_column_inner][vc_column_inner width=&#8221;1\/5&#8243;][\/vc_column_inner][vc_column_inner width=&#8221;1\/5&#8243;][vc_single_image image=&#8221;114&#8243; img_size=&#8221;full&#8221; alignment=&#8221;center&#8221; onclick=&#8221;link_image&#8221; qode_css_animation=&#8221;&#8221;][vc_column_text css=&#8221;.vc_custom_1576765303363{padding-top: 20px !important;padding-bottom: 20px !important;}&#8221;]<\/p>\n<h4 style=\"text-align: center;\"><strong>Lloms de salm\u00f3 en oli <\/strong><br \/>\n<strong>terrina<\/strong> 200\/500 gr. esc.<\/h4>\n<p>[\/vc_column_text][\/vc_column_inner][vc_column_inner width=&#8221;1\/5&#8243;][\/vc_column_inner][vc_column_inner width=&#8221;1\/5&#8243;][\/vc_column_inner][\/vc_row_inner][\/vc_column][\/vc_row]<\/p>\n<\/div>","protected":false},"excerpt":{"rendered":"<p>[vc_row css_animation=&#8221;&#8221; row_type=&#8221;row&#8221; use_row_as_full_screen_section=&#8221;no&#8221; type=&#8221;full_width&#8221; angled_section=&#8221;no&#8221; text_align=&#8221;left&#8221; background_image_as_pattern=&#8221;without_pattern&#8221;][vc_column css_animation=&#8221;fadeInDown&#8221;][vc_column_text css=&#8221;.vc_custom_1576761139304{padding-right: 40px !important;padding-left: 40px !important;}&#8221;] Salm\u00f3 fumat [\/vc_column_text][\/vc_column][\/vc_row][vc_row css_animation=&#8221;&#8221; row_type=&#8221;row&#8221; use_row_as_full_screen_section=&#8221;no&#8221; type=&#8221;grid&#8221; angled_section=&#8221;no&#8221; text_align=&#8221;left&#8221; background_image_as_pattern=&#8221;without_pattern&#8221; css=&#8221;.vc_custom_1576675903991{background-color: #ffffff !important;}&#8221; z_index=&#8221;&#8221;][vc_column css_animation=&#8221;fadeInLeft&#8221; width=&#8221;1\/2&#8243;][vc_single_image image=&#8221;234&#8243; img_size=&#8221;full&#8221; alignment=&#8221;center&#8221; qode_css_animation=&#8221;&#8221; css=&#8221;.vc_custom_1576767099267{margin-bottom: 20px !important;}&#8221;][\/vc_column][vc_column css_animation=&#8221;fadeInRight&#8221; width=&#8221;1\/2&#8243;][vc_column_text css=&#8221;.vc_custom_1576767030736{padding-bottom: 40px !important;}&#8221;]El nostre producte estrella&#8230;<\/p>\n","protected":false},"author":1,"featured_media":0,"parent":277,"menu_order":0,"comment_status":"closed","ping_status":"closed","template":"full_width.php","meta":{"footnotes":""},"class_list":["post-228","page","type-page","status-publish","hentry"],"yoast_head":"<!-- This site is optimized with the Yoast SEO plugin v27.3 - https:\/\/yoast.com\/product\/yoast-seo-wordpress\/ -->\n<title>Salm\u00f3 - Ahumados Arte<\/title>\n<meta name=\"description\" content=\"El nostre producte estrella \u00e9s el Salm\u00f3 Fumat, procedent de Noruega (salm\u00f3 europeu), producte totalment lliure d&#039;anisakis, criat en piscifactoria.\" \/>\n<meta name=\"robots\" content=\"index, follow, max-snippet:-1, max-image-preview:large, max-video-preview:-1\" \/>\n<link rel=\"canonical\" href=\"https:\/\/www.ahumadosarte.com\/productos\/salmon\/\" \/>\n<meta property=\"og:locale\" content=\"ca_ES\" \/>\n<meta property=\"og:type\" content=\"article\" \/>\n<meta property=\"og:title\" content=\"Salm\u00f3 - Ahumados Arte\" \/>\n<meta property=\"og:description\" content=\"El nostre producte estrella \u00e9s el Salm\u00f3 Fumat, procedent de Noruega (salm\u00f3 europeu), producte totalment lliure d&#039;anisakis, criat en piscifactoria.\" \/>\n<meta property=\"og:url\" content=\"https:\/\/www.ahumadosarte.com\/productos\/salmon\/\" \/>\n<meta property=\"og:site_name\" content=\"Ahumados Arte\" \/>\n<meta property=\"article:publisher\" content=\"https:\/\/www.facebook.com\/AhumadosArte\/\" \/>\n<meta property=\"article:modified_time\" content=\"2020-02-10T08:33:08+00:00\" \/>\n<meta name=\"twitter:card\" content=\"summary_large_image\" \/>\n<meta name=\"twitter:label1\" content=\"Temps estimat de lectura\" \/>\n\t<meta name=\"twitter:data1\" content=\"5 minuts\" \/>\n<script type=\"application\/ld+json\" class=\"yoast-schema-graph\">{\"@context\":\"https:\\\/\\\/schema.org\",\"@graph\":[{\"@type\":\"WebPage\",\"@id\":\"https:\\\/\\\/www.ahumadosarte.com\\\/productos\\\/salmon\\\/\",\"url\":\"https:\\\/\\\/www.ahumadosarte.com\\\/productos\\\/salmon\\\/\",\"name\":\"Salm\u00f3 - Ahumados Arte\",\"isPartOf\":{\"@id\":\"https:\\\/\\\/www.ahumadosarte.com\\\/#website\"},\"datePublished\":\"2020-02-10T08:28:24+00:00\",\"dateModified\":\"2020-02-10T08:33:08+00:00\",\"description\":\"El nostre producte estrella \u00e9s el Salm\u00f3 Fumat, procedent de Noruega (salm\u00f3 europeu), producte totalment lliure d'anisakis, criat en piscifactoria.\",\"breadcrumb\":{\"@id\":\"https:\\\/\\\/www.ahumadosarte.com\\\/productos\\\/salmon\\\/#breadcrumb\"},\"inLanguage\":\"ca\",\"potentialAction\":[{\"@type\":\"ReadAction\",\"target\":[\"https:\\\/\\\/www.ahumadosarte.com\\\/productos\\\/salmon\\\/\"]}]},{\"@type\":\"BreadcrumbList\",\"@id\":\"https:\\\/\\\/www.ahumadosarte.com\\\/productos\\\/salmon\\\/#breadcrumb\",\"itemListElement\":[{\"@type\":\"ListItem\",\"position\":1,\"name\":\"Portada\",\"item\":\"https:\\\/\\\/www.ahumadosarte.com\\\/\"},{\"@type\":\"ListItem\",\"position\":2,\"name\":\"Productes\",\"item\":\"https:\\\/\\\/www.ahumadosarte.com\\\/productos\\\/\"},{\"@type\":\"ListItem\",\"position\":3,\"name\":\"Salm\u00f3\"}]},{\"@type\":\"WebSite\",\"@id\":\"https:\\\/\\\/www.ahumadosarte.com\\\/#website\",\"url\":\"https:\\\/\\\/www.ahumadosarte.com\\\/\",\"name\":\"Ahumados Arte\",\"description\":\"El arte del Ahumado\",\"publisher\":{\"@id\":\"https:\\\/\\\/www.ahumadosarte.com\\\/#organization\"},\"potentialAction\":[{\"@type\":\"SearchAction\",\"target\":{\"@type\":\"EntryPoint\",\"urlTemplate\":\"https:\\\/\\\/www.ahumadosarte.com\\\/?s={search_term_string}\"},\"query-input\":{\"@type\":\"PropertyValueSpecification\",\"valueRequired\":true,\"valueName\":\"search_term_string\"}}],\"inLanguage\":\"ca\"},{\"@type\":\"Organization\",\"@id\":\"https:\\\/\\\/www.ahumadosarte.com\\\/#organization\",\"name\":\"Ahumados Arte\",\"url\":\"https:\\\/\\\/www.ahumadosarte.com\\\/\",\"logo\":{\"@type\":\"ImageObject\",\"inLanguage\":\"ca\",\"@id\":\"https:\\\/\\\/www.ahumadosarte.com\\\/#\\\/schema\\\/logo\\\/image\\\/\",\"url\":\"https:\\\/\\\/www.ahumadosarte.com\\\/wp-content\\\/uploads\\\/2019\\\/12\\\/Ahumados-con-arte.png\",\"contentUrl\":\"https:\\\/\\\/www.ahumadosarte.com\\\/wp-content\\\/uploads\\\/2019\\\/12\\\/Ahumados-con-arte.png\",\"width\":200,\"height\":150,\"caption\":\"Ahumados Arte\"},\"image\":{\"@id\":\"https:\\\/\\\/www.ahumadosarte.com\\\/#\\\/schema\\\/logo\\\/image\\\/\"},\"sameAs\":[\"https:\\\/\\\/www.facebook.com\\\/AhumadosArte\\\/\"]}]}<\/script>\n<!-- \/ Yoast SEO plugin. -->","yoast_head_json":{"title":"Salm\u00f3 - Ahumados Arte","description":"El nostre producte estrella \u00e9s el Salm\u00f3 Fumat, procedent de Noruega (salm\u00f3 europeu), producte totalment lliure d'anisakis, criat en piscifactoria.","robots":{"index":"index","follow":"follow","max-snippet":"max-snippet:-1","max-image-preview":"max-image-preview:large","max-video-preview":"max-video-preview:-1"},"canonical":"https:\/\/www.ahumadosarte.com\/productos\/salmon\/","og_locale":"ca_ES","og_type":"article","og_title":"Salm\u00f3 - Ahumados Arte","og_description":"El nostre producte estrella \u00e9s el Salm\u00f3 Fumat, procedent de Noruega (salm\u00f3 europeu), producte totalment lliure d'anisakis, criat en piscifactoria.","og_url":"https:\/\/www.ahumadosarte.com\/productos\/salmon\/","og_site_name":"Ahumados Arte","article_publisher":"https:\/\/www.facebook.com\/AhumadosArte\/","article_modified_time":"2020-02-10T08:33:08+00:00","twitter_card":"summary_large_image","twitter_misc":{"Temps estimat de lectura":"5 minuts"},"schema":{"@context":"https:\/\/schema.org","@graph":[{"@type":"WebPage","@id":"https:\/\/www.ahumadosarte.com\/productos\/salmon\/","url":"https:\/\/www.ahumadosarte.com\/productos\/salmon\/","name":"Salm\u00f3 - Ahumados Arte","isPartOf":{"@id":"https:\/\/www.ahumadosarte.com\/#website"},"datePublished":"2020-02-10T08:28:24+00:00","dateModified":"2020-02-10T08:33:08+00:00","description":"El nostre producte estrella \u00e9s el Salm\u00f3 Fumat, procedent de Noruega (salm\u00f3 europeu), producte totalment lliure d'anisakis, criat en piscifactoria.","breadcrumb":{"@id":"https:\/\/www.ahumadosarte.com\/productos\/salmon\/#breadcrumb"},"inLanguage":"ca","potentialAction":[{"@type":"ReadAction","target":["https:\/\/www.ahumadosarte.com\/productos\/salmon\/"]}]},{"@type":"BreadcrumbList","@id":"https:\/\/www.ahumadosarte.com\/productos\/salmon\/#breadcrumb","itemListElement":[{"@type":"ListItem","position":1,"name":"Portada","item":"https:\/\/www.ahumadosarte.com\/"},{"@type":"ListItem","position":2,"name":"Productes","item":"https:\/\/www.ahumadosarte.com\/productos\/"},{"@type":"ListItem","position":3,"name":"Salm\u00f3"}]},{"@type":"WebSite","@id":"https:\/\/www.ahumadosarte.com\/#website","url":"https:\/\/www.ahumadosarte.com\/","name":"Ahumados Arte","description":"El arte del Ahumado","publisher":{"@id":"https:\/\/www.ahumadosarte.com\/#organization"},"potentialAction":[{"@type":"SearchAction","target":{"@type":"EntryPoint","urlTemplate":"https:\/\/www.ahumadosarte.com\/?s={search_term_string}"},"query-input":{"@type":"PropertyValueSpecification","valueRequired":true,"valueName":"search_term_string"}}],"inLanguage":"ca"},{"@type":"Organization","@id":"https:\/\/www.ahumadosarte.com\/#organization","name":"Ahumados Arte","url":"https:\/\/www.ahumadosarte.com\/","logo":{"@type":"ImageObject","inLanguage":"ca","@id":"https:\/\/www.ahumadosarte.com\/#\/schema\/logo\/image\/","url":"https:\/\/www.ahumadosarte.com\/wp-content\/uploads\/2019\/12\/Ahumados-con-arte.png","contentUrl":"https:\/\/www.ahumadosarte.com\/wp-content\/uploads\/2019\/12\/Ahumados-con-arte.png","width":200,"height":150,"caption":"Ahumados Arte"},"image":{"@id":"https:\/\/www.ahumadosarte.com\/#\/schema\/logo\/image\/"},"sameAs":["https:\/\/www.facebook.com\/AhumadosArte\/"]}]}},"_links":{"self":[{"href":"https:\/\/www.ahumadosarte.com\/ca\/wp-json\/wp\/v2\/pages\/228","targetHints":{"allow":["GET"]}}],"collection":[{"href":"https:\/\/www.ahumadosarte.com\/ca\/wp-json\/wp\/v2\/pages"}],"about":[{"href":"https:\/\/www.ahumadosarte.com\/ca\/wp-json\/wp\/v2\/types\/page"}],"author":[{"embeddable":true,"href":"https:\/\/www.ahumadosarte.com\/ca\/wp-json\/wp\/v2\/users\/1"}],"replies":[{"embeddable":true,"href":"https:\/\/www.ahumadosarte.com\/ca\/wp-json\/wp\/v2\/comments?post=228"}],"version-history":[{"count":4,"href":"https:\/\/www.ahumadosarte.com\/ca\/wp-json\/wp\/v2\/pages\/228\/revisions"}],"predecessor-version":[{"id":238,"href":"https:\/\/www.ahumadosarte.com\/ca\/wp-json\/wp\/v2\/pages\/228\/revisions\/238"}],"up":[{"embeddable":true,"href":"https:\/\/www.ahumadosarte.com\/ca\/wp-json\/wp\/v2\/pages\/277"}],"wp:attachment":[{"href":"https:\/\/www.ahumadosarte.com\/ca\/wp-json\/wp\/v2\/media?parent=228"}],"curies":[{"name":"wp","href":"https:\/\/api.w.org\/{rel}","templated":true}]}}