{"id":263,"date":"2020-02-10T09:52:40","date_gmt":"2020-02-10T08:52:40","guid":{"rendered":"https:\/\/www.ahumadosarte.com\/proces-delaboracio\/"},"modified":"2020-02-10T12:04:07","modified_gmt":"2020-02-10T11:04:07","slug":"proces-elaboracio","status":"publish","type":"page","link":"https:\/\/www.ahumadosarte.com\/ca\/proces-elaboracio\/","title":{"rendered":"Proc\u00e9s d\u2019elaboraci\u00f3"},"content":{"rendered":"<div class=\"wpb-content-wrapper\"><p>[vc_row css_animation=&#8221;&#8221; row_type=&#8221;row&#8221; use_row_as_full_screen_section=&#8221;no&#8221; type=&#8221;full_width&#8221; angled_section=&#8221;no&#8221; text_align=&#8221;left&#8221; background_image_as_pattern=&#8221;without_pattern&#8221;][vc_column css_animation=&#8221;fadeInDown&#8221;][vc_column_text]<\/p>\n<h1>Proc\u00e9s d\u2019<strong>elaboraci\u00f3<\/strong><\/h1>\n<p>[\/vc_column_text][\/vc_column][\/vc_row][vc_row css_animation=&#8221;&#8221; row_type=&#8221;row&#8221; use_row_as_full_screen_section=&#8221;no&#8221; type=&#8221;grid&#8221; angled_section=&#8221;no&#8221; text_align=&#8221;left&#8221; background_image_as_pattern=&#8221;without_pattern&#8221; z_index=&#8221;&#8221; css=&#8221;.vc_custom_1576662135190{margin-bottom: 40px !important;}&#8221;][vc_column css_animation=&#8221;fadeInUp&#8221; css=&#8221;.vc_custom_1576663332277{margin-bottom: 20px !important;}&#8221;][vc_column_text el_class=&#8221;ela-1&#8243;]<\/p>\n<h2 style=\"text-align: center;\">A Ahumados Arte el proc\u00e9s d&#8217;elaboraci\u00f3 \u00e9s clau per al resultat final del nostre producte<\/h2>\n<p>[\/vc_column_text][\/vc_column][\/vc_row][vc_row css_animation=&#8221;&#8221; row_type=&#8221;row&#8221; use_row_as_full_screen_section=&#8221;no&#8221; type=&#8221;grid&#8221; angled_section=&#8221;no&#8221; text_align=&#8221;left&#8221; background_image_as_pattern=&#8221;without_pattern&#8221; css=&#8221;.vc_custom_1576675903991{background-color: #ffffff !important;}&#8221; z_index=&#8221;&#8221;][vc_column css_animation=&#8221;fadeInLeft&#8221; width=&#8221;2\/3&#8243;][vc_gallery type=&#8221;flexslider_slide&#8221; interval=&#8221;3&#8243; images=&#8221;209,211,213,207&#8243; img_size=&#8221;900&#215;600&#8243; css_animation=&#8221;fadeIn&#8221; pause_on_hover=&#8221;yes&#8221; frame=&#8221;no&#8221; el_class=&#8221;galeria&#8221;][\/vc_column][vc_column css_animation=&#8221;fadeInRight&#8221; width=&#8221;1\/3&#8243;][vc_column_text css=&#8221;.vc_custom_1576681940832{padding-bottom: 40px !important;}&#8221; el_class=&#8221;ela-2&#8243;]Aquest sabor delicat i suau que aconseguim \u00e9s gr\u00e0cies a un <strong>proc\u00e9s d&#8217;elaboraci\u00f3 totalment artesanal.<\/strong><\/p>\n<p>El <strong>salat del producte<\/strong>, barreja de sal i sucre, natural, a l&#8217;igual que l&#8217;assecat i fumat.<\/p>\n<p><strong>L&#8217;assecat<\/strong> \u00e9s programat segons la temperatura exterior i el fumat es prepara mitjan\u00e7ant la combusti\u00f3 lenta d&#8217;una barreja d&#8217;esp\u00e8cies naturals i herbes arom\u00e0tiques.<\/p>\n<p>Tot aix\u00f2 \u00e9s la clau perqu\u00e8 el nostre salm\u00f3 fumat sigui dels pocs que trobem avui en dia amb <strong>aquest sabor tan delicat que es fon al paladar<\/strong>.[\/vc_column_text][\/vc_column][\/vc_row]<\/p>\n<\/div>","protected":false},"excerpt":{"rendered":"<p>[vc_row css_animation=&#8221;&#8221; row_type=&#8221;row&#8221; use_row_as_full_screen_section=&#8221;no&#8221; type=&#8221;full_width&#8221; angled_section=&#8221;no&#8221; text_align=&#8221;left&#8221; background_image_as_pattern=&#8221;without_pattern&#8221;][vc_column css_animation=&#8221;fadeInDown&#8221;][vc_column_text] Proc\u00e9s d\u2019elaboraci\u00f3 [\/vc_column_text][\/vc_column][\/vc_row][vc_row css_animation=&#8221;&#8221; row_type=&#8221;row&#8221; use_row_as_full_screen_section=&#8221;no&#8221; type=&#8221;grid&#8221; angled_section=&#8221;no&#8221; text_align=&#8221;left&#8221; background_image_as_pattern=&#8221;without_pattern&#8221; z_index=&#8221;&#8221; css=&#8221;.vc_custom_1576662135190{margin-bottom: 40px !important;}&#8221;][vc_column css_animation=&#8221;fadeInUp&#8221; css=&#8221;.vc_custom_1576663332277{margin-bottom: 20px !important;}&#8221;][vc_column_text el_class=&#8221;ela-1&#8243;] A Ahumados Arte el proc\u00e9s d&#8217;elaboraci\u00f3 \u00e9s clau per al resultat final del nostre producte [\/vc_column_text][\/vc_column][\/vc_row][vc_row css_animation=&#8221;&#8221;&#8230;<\/p>\n","protected":false},"author":1,"featured_media":0,"parent":0,"menu_order":0,"comment_status":"closed","ping_status":"closed","template":"full_width.php","meta":{"footnotes":""},"class_list":["post-263","page","type-page","status-publish","hentry"],"yoast_head":"<!-- This site is optimized with the Yoast SEO plugin v27.3 - https:\/\/yoast.com\/product\/yoast-seo-wordpress\/ -->\n<title>Proc\u00e9s d\u2019elaboraci\u00f3 - Ahumados Arte<\/title>\n<meta name=\"description\" content=\"A Ahumados Arte el proc\u00e9s d&#039;elaboraci\u00f3 \u00e9s clau per al resultat final del nostre producte\" \/>\n<meta name=\"robots\" content=\"index, follow, max-snippet:-1, max-image-preview:large, max-video-preview:-1\" \/>\n<link rel=\"canonical\" href=\"https:\/\/www.ahumadosarte.com\/proceso-de-elaboracion\/\" \/>\n<meta property=\"og:locale\" content=\"ca_ES\" \/>\n<meta property=\"og:type\" content=\"article\" \/>\n<meta property=\"og:title\" content=\"Proc\u00e9s d\u2019elaboraci\u00f3 - Ahumados Arte\" \/>\n<meta property=\"og:description\" content=\"A Ahumados Arte el proc\u00e9s d&#039;elaboraci\u00f3 \u00e9s clau per al resultat final del nostre producte\" \/>\n<meta property=\"og:url\" content=\"https:\/\/www.ahumadosarte.com\/proceso-de-elaboracion\/\" \/>\n<meta property=\"og:site_name\" content=\"Ahumados Arte\" \/>\n<meta property=\"article:publisher\" content=\"https:\/\/www.facebook.com\/AhumadosArte\/\" \/>\n<meta property=\"article:modified_time\" content=\"2020-02-10T11:04:07+00:00\" \/>\n<meta name=\"twitter:card\" content=\"summary_large_image\" \/>\n<meta name=\"twitter:label1\" content=\"Temps estimat de lectura\" \/>\n\t<meta name=\"twitter:data1\" content=\"2 minuts\" \/>\n<script type=\"application\/ld+json\" class=\"yoast-schema-graph\">{\"@context\":\"https:\\\/\\\/schema.org\",\"@graph\":[{\"@type\":\"WebPage\",\"@id\":\"https:\\\/\\\/www.ahumadosarte.com\\\/proceso-de-elaboracion\\\/\",\"url\":\"https:\\\/\\\/www.ahumadosarte.com\\\/proceso-de-elaboracion\\\/\",\"name\":\"Proc\u00e9s d\u2019elaboraci\u00f3 - Ahumados Arte\",\"isPartOf\":{\"@id\":\"https:\\\/\\\/www.ahumadosarte.com\\\/#website\"},\"datePublished\":\"2020-02-10T08:52:40+00:00\",\"dateModified\":\"2020-02-10T11:04:07+00:00\",\"description\":\"A Ahumados Arte el proc\u00e9s d'elaboraci\u00f3 \u00e9s clau per al resultat final del nostre producte\",\"breadcrumb\":{\"@id\":\"https:\\\/\\\/www.ahumadosarte.com\\\/proceso-de-elaboracion\\\/#breadcrumb\"},\"inLanguage\":\"ca\",\"potentialAction\":[{\"@type\":\"ReadAction\",\"target\":[\"https:\\\/\\\/www.ahumadosarte.com\\\/proceso-de-elaboracion\\\/\"]}]},{\"@type\":\"BreadcrumbList\",\"@id\":\"https:\\\/\\\/www.ahumadosarte.com\\\/proceso-de-elaboracion\\\/#breadcrumb\",\"itemListElement\":[{\"@type\":\"ListItem\",\"position\":1,\"name\":\"Portada\",\"item\":\"https:\\\/\\\/www.ahumadosarte.com\\\/\"},{\"@type\":\"ListItem\",\"position\":2,\"name\":\"Proc\u00e9s d\u2019elaboraci\u00f3\"}]},{\"@type\":\"WebSite\",\"@id\":\"https:\\\/\\\/www.ahumadosarte.com\\\/#website\",\"url\":\"https:\\\/\\\/www.ahumadosarte.com\\\/\",\"name\":\"Ahumados Arte\",\"description\":\"El arte del Ahumado\",\"publisher\":{\"@id\":\"https:\\\/\\\/www.ahumadosarte.com\\\/#organization\"},\"potentialAction\":[{\"@type\":\"SearchAction\",\"target\":{\"@type\":\"EntryPoint\",\"urlTemplate\":\"https:\\\/\\\/www.ahumadosarte.com\\\/?s={search_term_string}\"},\"query-input\":{\"@type\":\"PropertyValueSpecification\",\"valueRequired\":true,\"valueName\":\"search_term_string\"}}],\"inLanguage\":\"ca\"},{\"@type\":\"Organization\",\"@id\":\"https:\\\/\\\/www.ahumadosarte.com\\\/#organization\",\"name\":\"Ahumados Arte\",\"url\":\"https:\\\/\\\/www.ahumadosarte.com\\\/\",\"logo\":{\"@type\":\"ImageObject\",\"inLanguage\":\"ca\",\"@id\":\"https:\\\/\\\/www.ahumadosarte.com\\\/#\\\/schema\\\/logo\\\/image\\\/\",\"url\":\"https:\\\/\\\/www.ahumadosarte.com\\\/wp-content\\\/uploads\\\/2019\\\/12\\\/Ahumados-con-arte.png\",\"contentUrl\":\"https:\\\/\\\/www.ahumadosarte.com\\\/wp-content\\\/uploads\\\/2019\\\/12\\\/Ahumados-con-arte.png\",\"width\":200,\"height\":150,\"caption\":\"Ahumados Arte\"},\"image\":{\"@id\":\"https:\\\/\\\/www.ahumadosarte.com\\\/#\\\/schema\\\/logo\\\/image\\\/\"},\"sameAs\":[\"https:\\\/\\\/www.facebook.com\\\/AhumadosArte\\\/\"]}]}<\/script>\n<!-- \/ Yoast SEO plugin. -->","yoast_head_json":{"title":"Proc\u00e9s d\u2019elaboraci\u00f3 - Ahumados Arte","description":"A Ahumados Arte el proc\u00e9s d'elaboraci\u00f3 \u00e9s clau per al resultat final del nostre producte","robots":{"index":"index","follow":"follow","max-snippet":"max-snippet:-1","max-image-preview":"max-image-preview:large","max-video-preview":"max-video-preview:-1"},"canonical":"https:\/\/www.ahumadosarte.com\/proceso-de-elaboracion\/","og_locale":"ca_ES","og_type":"article","og_title":"Proc\u00e9s d\u2019elaboraci\u00f3 - Ahumados Arte","og_description":"A Ahumados Arte el proc\u00e9s d'elaboraci\u00f3 \u00e9s clau per al resultat final del nostre producte","og_url":"https:\/\/www.ahumadosarte.com\/proceso-de-elaboracion\/","og_site_name":"Ahumados Arte","article_publisher":"https:\/\/www.facebook.com\/AhumadosArte\/","article_modified_time":"2020-02-10T11:04:07+00:00","twitter_card":"summary_large_image","twitter_misc":{"Temps estimat de lectura":"2 minuts"},"schema":{"@context":"https:\/\/schema.org","@graph":[{"@type":"WebPage","@id":"https:\/\/www.ahumadosarte.com\/proceso-de-elaboracion\/","url":"https:\/\/www.ahumadosarte.com\/proceso-de-elaboracion\/","name":"Proc\u00e9s d\u2019elaboraci\u00f3 - Ahumados Arte","isPartOf":{"@id":"https:\/\/www.ahumadosarte.com\/#website"},"datePublished":"2020-02-10T08:52:40+00:00","dateModified":"2020-02-10T11:04:07+00:00","description":"A Ahumados Arte el proc\u00e9s d'elaboraci\u00f3 \u00e9s clau per al resultat final del nostre producte","breadcrumb":{"@id":"https:\/\/www.ahumadosarte.com\/proceso-de-elaboracion\/#breadcrumb"},"inLanguage":"ca","potentialAction":[{"@type":"ReadAction","target":["https:\/\/www.ahumadosarte.com\/proceso-de-elaboracion\/"]}]},{"@type":"BreadcrumbList","@id":"https:\/\/www.ahumadosarte.com\/proceso-de-elaboracion\/#breadcrumb","itemListElement":[{"@type":"ListItem","position":1,"name":"Portada","item":"https:\/\/www.ahumadosarte.com\/"},{"@type":"ListItem","position":2,"name":"Proc\u00e9s d\u2019elaboraci\u00f3"}]},{"@type":"WebSite","@id":"https:\/\/www.ahumadosarte.com\/#website","url":"https:\/\/www.ahumadosarte.com\/","name":"Ahumados Arte","description":"El arte del Ahumado","publisher":{"@id":"https:\/\/www.ahumadosarte.com\/#organization"},"potentialAction":[{"@type":"SearchAction","target":{"@type":"EntryPoint","urlTemplate":"https:\/\/www.ahumadosarte.com\/?s={search_term_string}"},"query-input":{"@type":"PropertyValueSpecification","valueRequired":true,"valueName":"search_term_string"}}],"inLanguage":"ca"},{"@type":"Organization","@id":"https:\/\/www.ahumadosarte.com\/#organization","name":"Ahumados Arte","url":"https:\/\/www.ahumadosarte.com\/","logo":{"@type":"ImageObject","inLanguage":"ca","@id":"https:\/\/www.ahumadosarte.com\/#\/schema\/logo\/image\/","url":"https:\/\/www.ahumadosarte.com\/wp-content\/uploads\/2019\/12\/Ahumados-con-arte.png","contentUrl":"https:\/\/www.ahumadosarte.com\/wp-content\/uploads\/2019\/12\/Ahumados-con-arte.png","width":200,"height":150,"caption":"Ahumados Arte"},"image":{"@id":"https:\/\/www.ahumadosarte.com\/#\/schema\/logo\/image\/"},"sameAs":["https:\/\/www.facebook.com\/AhumadosArte\/"]}]}},"_links":{"self":[{"href":"https:\/\/www.ahumadosarte.com\/ca\/wp-json\/wp\/v2\/pages\/263","targetHints":{"allow":["GET"]}}],"collection":[{"href":"https:\/\/www.ahumadosarte.com\/ca\/wp-json\/wp\/v2\/pages"}],"about":[{"href":"https:\/\/www.ahumadosarte.com\/ca\/wp-json\/wp\/v2\/types\/page"}],"author":[{"embeddable":true,"href":"https:\/\/www.ahumadosarte.com\/ca\/wp-json\/wp\/v2\/users\/1"}],"replies":[{"embeddable":true,"href":"https:\/\/www.ahumadosarte.com\/ca\/wp-json\/wp\/v2\/comments?post=263"}],"version-history":[{"count":5,"href":"https:\/\/www.ahumadosarte.com\/ca\/wp-json\/wp\/v2\/pages\/263\/revisions"}],"predecessor-version":[{"id":272,"href":"https:\/\/www.ahumadosarte.com\/ca\/wp-json\/wp\/v2\/pages\/263\/revisions\/272"}],"wp:attachment":[{"href":"https:\/\/www.ahumadosarte.com\/ca\/wp-json\/wp\/v2\/media?parent=263"}],"curies":[{"name":"wp","href":"https:\/\/api.w.org\/{rel}","templated":true}]}}