{"id":288,"date":"2020-02-10T10:30:02","date_gmt":"2020-02-10T09:30:02","guid":{"rendered":"https:\/\/www.ahumadosarte.com\/avis-legal\/"},"modified":"2025-01-21T17:30:32","modified_gmt":"2025-01-21T16:30:32","slug":"avis-legal","status":"publish","type":"page","link":"https:\/\/www.ahumadosarte.com\/ca\/avis-legal\/","title":{"rendered":"Av\u00eds Legal"},"content":{"rendered":"<div class=\"wpb-content-wrapper\"><p>[vc_row css_animation=&#8221;&#8221; row_type=&#8221;row&#8221; use_row_as_full_screen_section=&#8221;no&#8221; type=&#8221;full_width&#8221; angled_section=&#8221;no&#8221; text_align=&#8221;left&#8221; background_image_as_pattern=&#8221;without_pattern&#8221;][vc_column el_class=&#8221;textos-legales&#8221;][vc_column_text]<\/p>\n<h1>Av\u00eds Legal<\/h1>\n<p>[\/vc_column_text][vc_column_text el_class=&#8221;legal&#8221;]<\/p>\n<h2>Introducci\u00f3n<\/h2>\n<p>En cumplimiento de la Ley 34\/2002, de 11 de julio, de Servicios de la Sociedad de la Informaci\u00f3n y de<br \/>\nComercio Electr\u00f3nico (LSSI-CE), AHUMADOS ARTE SL informa que es titular del sitio web. De acuerdo<br \/>\ncon la exigencia del art\u00edculo 10 de la citada Ley, AHUMADOS ARTE SL informa de los siguientes datos:<\/p>\n<p><strong>RAZ\u00d3N<\/strong> <strong>SOCIAL<\/strong> AHUMADOS ARTE SL<br \/>\n<strong>NIF<\/strong> B60238201<br \/>\n<strong>DOMINIO<\/strong> https:\/\/www.ahumadosarte.com\/<br \/>\n<strong>DIRECCI\u00d3N POSTAL<\/strong> PG INDUSTRIAL ROQUETES 6 NAVE,08849 SANT CLIMENT DE LLOBREGAT(BARCELONA)<br \/>\n<strong>DIRECCI\u00d3N ELECTR\u00d3NICA<\/strong> info@ahumadosarte.com<br \/>\n<strong>TEL\u00c9FONOS<\/strong> 936372841<br \/>\n<strong>N.\u00ba REGISTRO\/DATOS <\/strong><strong>ADICIONALES<\/strong><\/p>\n<p>&nbsp;<\/p>\n<h2>Usuario y r\u00e9gimen de responsabilidades<\/h2>\n<p>La navegaci\u00f3n, acceso y uso por el sitio web de AHUMADOS ARTE SL confiere la condici\u00f3n de usuario.<\/p>\n<p>El sitio web de AHUMADOS ARTE SL proporciona gran diversidad de informaci\u00f3n, servicios y datos. El<br \/>\nusuario asume su responsabilidad en el uso correcto del sitio web. Esta responsabilidad se extender\u00e1 a:<\/p>\n<ul>\n<li>La veracidad y licitud de las informaciones aportadas por el usuario en los formularios extendidos<br \/>\npor AHUMADOS ARTE SL para el acceso a ciertos contenidos o servicios ofrecidos por el web.<\/li>\n<li>El uso de la informaci\u00f3n, servicios y datos ofrecidos por AHUMADOS ARTE SL contrariamente a<br \/>\nlo dispuesto por las presentes condiciones, la Ley, la moral, las buenas costumbres o el orden<br \/>\np\u00fablico, o que de cualquier otro modo puedan suponer lesi\u00f3n de los derechos de terceros o del<br \/>\nmismo funcionamiento del sitio web.<\/li>\n<\/ul>\n<p>&nbsp;<\/p>\n<h2>Pol\u00edtica de enlaces y exenciones de responsabilidad<\/h2>\n<p>AHUMADOS ARTE SL no se hace responsable del contenido de los sitios web a los que el usuario pueda<br \/>\nacceder a trav\u00e9s de los enlaces establecidos en su sitio web, siempre que no tenga conocimiento efectivo<br \/>\nde que la actividad o la informaci\u00f3n a la que remite o recomienda es il\u00edcita o de que lesiona bienes o<br \/>\nderechos de un tercero susceptibles de indemnizaci\u00f3n, o, en caso de tenerlo, act\u00fae con diligencia para<br \/>\nsuprimir o inutilizar el enlace correspondiente.<\/p>\n<p>Se entender\u00e1 que AHUMADOS ARTE SL tiene el conocimiento efectivo a que se refiere el p\u00e1rrafo anterior<br \/>\ncuando un \u00f3rgano competente haya declarado la ilicitud de los datos, ordenado su retirada o que se<br \/>\nimposibilite el acceso a los mismos, o se hubiera declarado la existencia de la lesi\u00f3n, y AHUMADOS<br \/>\nARTE SL conociera la correspondiente resoluci\u00f3n, sin perjuicio de los procedimientos de detecci\u00f3n y<br \/>\nretirada de contenidos que AHUMADOS ARTE SL aplique en virtud de acuerdos voluntarios y de otros<br \/>\nmedios de conocimiento efectivo que pudieran establecerse.<\/p>\n<p>AHUMADOS ARTE SL declara haber adoptado todas las medidas necesarias para evitar cualquier da\u00f1o a<br \/>\nlos usuarios de su sitio web, que pudieran derivarse de la navegaci\u00f3n por su sitio web. En consecuencia,<br \/>\nAHUMADOS ARTE SL no se hace responsable, en ning\u00fan caso, de los eventuales da\u00f1os que por la<br \/>\nnavegaci\u00f3n por Internet pudiera sufrir el usuario. Asimismo, tampoco garantizar\u00e1 la disponibilidad t\u00e9cnica,<br \/>\nexactitud, veracidad, validez o legalidad de sitios ajenos a su propiedad a los que se pueda acceder por<br \/>\nmedio de los enlaces.<\/p>\n<p>&nbsp;<\/p>\n<h2>Modificaciones<\/h2>\n<p>AHUMADOS ARTE SL se reserva la facultad de efectuar, en cualquier momento y sin necesidad de<br \/>\nprevio aviso, modificaciones y actualizaciones de la informaci\u00f3n contenida en su sitio web o en la<br \/>\nconfiguraci\u00f3n y presentaci\u00f3n de esta. Con objeto de mantener actualizada la informaci\u00f3n publicada, los<br \/>\ncontenidos del mismo podr\u00e1n ser modificados, corregidos, eliminados o a\u00f1adidos en cualquier momento,<br \/>\npor cualquier forma admisible en derecho.<\/p>\n<p>&nbsp;<\/p>\n<h2>Indicaci\u00f3n de precios<\/h2>\n<p>En caso de que se muestren precios de productos y\/o servicios, los indicados en pantalla ser\u00e1n los<br \/>\nvigentes en cada momento. Los precios ser\u00e1n indicados en euros y tendr\u00e1n incorporado el Impuesto<br \/>\nsobre el Valor A\u00f1adido (IVA). En caso de que no se incorpore el IVA en el precio, se indicar\u00e1 de manera<br \/>\nexpresa y se permitir\u00e1 al usuario visualizar el precio final completo.<\/p>\n<p>Asimismo, si fuera aplicable cualquier otro impuesto, as\u00ed se indicar\u00eda, incluyendo, en su caso, el importe<br \/>\nde los incrementos o descuentos que sean de aplicaci\u00f3n a la oferta y los gastos adicionales que puedan<br \/>\nrepercutir al consumidor o usuario.<\/p>\n<p>&nbsp;<\/p>\n<h2>Propiedad intelectual e industrial<\/h2>\n<p>AHUMADOS ARTE SL por s\u00ed misma o como cesionaria, es titular de todos los derechos de propiedad<br \/>\nintelectual e industrial de su p\u00e1gina web, as\u00ed como de los elementos contenidos en la misma (a t\u00edtulo<br \/>\nenunciativo, im\u00e1genes, sonido, audio, v\u00eddeo, software o textos; marcas o logotipos, combinaciones de<br \/>\ncolores, estructura y dise\u00f1o, selecci\u00f3n de materiales usados, programas de ordenador necesarios para su<br \/>\nfuncionamiento, acceso y uso, etc.), titularidad de AHUMADOS ARTE SL. Ser\u00e1n, por consiguiente, obras<br \/>\nprotegidas como propiedad intelectual por el ordenamiento jur\u00eddico espa\u00f1ol, si\u00e9ndoles aplicables tanto la<br \/>\nnormativa espa\u00f1ola y comunitaria en este campo, como los tratados internacionales relativos a la materia<br \/>\ny suscritos por Espa\u00f1a.<\/p>\n<p>Todos los derechos reservados. En virtud de lo dispuesto en la Ley de Propiedad Intelectual, quedan<br \/>\nexpresamente prohibidas la reproducci\u00f3n, la distribuci\u00f3n y la comunicaci\u00f3n p\u00fablica, incluida su modalidad<br \/>\nde puesta a disposici\u00f3n, de la totalidad o parte de los contenidos de esta p\u00e1gina web, con fines<br \/>\ncomerciales, en cualquier soporte y por cualquier medio t\u00e9cnico, sin la autorizaci\u00f3n de AHUMADOS ARTE<br \/>\nSL.<\/p>\n<p>El usuario se compromete a respetar los derechos de Propiedad Intelectual e Industrial titularidad de<br \/>\nAHUMADOS ARTE SL. Podr\u00e1 visualizar los elementos del portal e incluso imprimirlos, copiarlos y<br \/>\nalmacenarlos en el disco duro de su ordenador o en cualquier otro soporte f\u00edsico siempre y cuando sea,<br \/>\n\u00fanica y exclusivamente, para su uso personal y privado. El usuario deber\u00e1 abstenerse de suprimir, alterar,<br \/>\neludir o manipular cualquier dispositivo de protecci\u00f3n o sistema de seguridad que estuviera instalado en<br \/>\nlas p\u00e1ginas de AHUMADOS ARTE SL.<\/p>\n<p>&nbsp;<\/p>\n<h2>Acciones legales, legislaci\u00f3n aplicable y jurisdicci\u00f3n<\/h2>\n<p>Si el usuario desea presentar una reclamaci\u00f3n, deber\u00e1 contactar mediante el correo electr\u00f3nico<br \/>\ninfo@ahumadosarte.com. Asimismo, AHUMADOS ARTE SL dispone de hojas oficiales de reclamaci\u00f3n a<br \/>\ndisposici\u00f3n de los consumidores y usuarios.<\/p>\n<p>AHUMADOS ARTE SL se reserva la facultad de presentar las acciones civiles o penales que considere<br \/>\noportunas por la utilizaci\u00f3n indebida de su sitio web y contenidos, o por el incumplimiento de las presentes<br \/>\ncondiciones.<\/p>\n<p>La relaci\u00f3n entre el usuario y el prestador se regir\u00e1 por la normativa vigente y de aplicaci\u00f3n en el territorio<br \/>\nespa\u00f1ol. De surgir cualquier controversia las partes podr\u00e1n someter sus conflictos a arbitraje o acudir a la<br \/>\njurisdicci\u00f3n ordinaria cumpliendo con las normas sobre jurisdicci\u00f3n y competencia al respecto.<\/p>\n<p><strong>\u00daltima actualizaci\u00f3n: 30 de abril de 2024<\/strong>[\/vc_column_text][\/vc_column][\/vc_row]<\/p>\n<\/div>","protected":false},"excerpt":{"rendered":"<p>[vc_row css_animation=&#8221;&#8221; row_type=&#8221;row&#8221; use_row_as_full_screen_section=&#8221;no&#8221; type=&#8221;full_width&#8221; angled_section=&#8221;no&#8221; text_align=&#8221;left&#8221; background_image_as_pattern=&#8221;without_pattern&#8221;][vc_column el_class=&#8221;textos-legales&#8221;][vc_column_text] Av\u00eds Legal [\/vc_column_text][vc_column_text el_class=&#8221;legal&#8221;] Introducci\u00f3n En cumplimiento de la Ley 34\/2002, de 11 de julio, de Servicios de la Sociedad de la Informaci\u00f3n y de Comercio Electr\u00f3nico (LSSI-CE), AHUMADOS ARTE SL informa que es titular del&#8230;<\/p>\n","protected":false},"author":1,"featured_media":0,"parent":0,"menu_order":0,"comment_status":"closed","ping_status":"closed","template":"","meta":{"footnotes":""},"class_list":["post-288","page","type-page","status-publish","hentry"],"yoast_head":"<!-- This site is optimized with the Yoast SEO plugin v27.3 - https:\/\/yoast.com\/product\/yoast-seo-wordpress\/ -->\n<title>Av\u00eds Legal - Ahumados Arte<\/title>\n<meta name=\"robots\" content=\"index, follow, max-snippet:-1, max-image-preview:large, max-video-preview:-1\" \/>\n<link rel=\"canonical\" href=\"https:\/\/www.ahumadosarte.com\/aviso-legal\/\" \/>\n<meta property=\"og:locale\" content=\"ca_ES\" \/>\n<meta property=\"og:type\" content=\"article\" \/>\n<meta property=\"og:title\" content=\"Av\u00eds Legal - Ahumados Arte\" \/>\n<meta property=\"og:description\" content=\"[vc_row css_animation=&#8221;&#8221; row_type=&#8221;row&#8221; use_row_as_full_screen_section=&#8221;no&#8221; type=&#8221;full_width&#8221; angled_section=&#8221;no&#8221; text_align=&#8221;left&#8221; background_image_as_pattern=&#8221;without_pattern&#8221;][vc_column el_class=&#8221;textos-legales&#8221;][vc_column_text] Av\u00eds Legal [\/vc_column_text][vc_column_text el_class=&#8221;legal&#8221;] Introducci\u00f3n En cumplimiento de la Ley 34\/2002, de 11 de julio, de Servicios de la Sociedad de la Informaci\u00f3n y de Comercio Electr\u00f3nico (LSSI-CE), AHUMADOS ARTE SL informa que es titular del...\" \/>\n<meta property=\"og:url\" content=\"https:\/\/www.ahumadosarte.com\/aviso-legal\/\" \/>\n<meta property=\"og:site_name\" content=\"Ahumados Arte\" \/>\n<meta property=\"article:publisher\" content=\"https:\/\/www.facebook.com\/AhumadosArte\/\" \/>\n<meta property=\"article:modified_time\" content=\"2025-01-21T16:30:32+00:00\" \/>\n<meta name=\"twitter:card\" content=\"summary_large_image\" \/>\n<meta name=\"twitter:label1\" content=\"Temps estimat de lectura\" \/>\n\t<meta name=\"twitter:data1\" content=\"6 minuts\" \/>\n<script type=\"application\/ld+json\" class=\"yoast-schema-graph\">{\"@context\":\"https:\\\/\\\/schema.org\",\"@graph\":[{\"@type\":\"WebPage\",\"@id\":\"https:\\\/\\\/www.ahumadosarte.com\\\/aviso-legal\\\/\",\"url\":\"https:\\\/\\\/www.ahumadosarte.com\\\/aviso-legal\\\/\",\"name\":\"Av\u00eds Legal - Ahumados Arte\",\"isPartOf\":{\"@id\":\"https:\\\/\\\/www.ahumadosarte.com\\\/#website\"},\"datePublished\":\"2020-02-10T09:30:02+00:00\",\"dateModified\":\"2025-01-21T16:30:32+00:00\",\"breadcrumb\":{\"@id\":\"https:\\\/\\\/www.ahumadosarte.com\\\/aviso-legal\\\/#breadcrumb\"},\"inLanguage\":\"ca\",\"potentialAction\":[{\"@type\":\"ReadAction\",\"target\":[\"https:\\\/\\\/www.ahumadosarte.com\\\/aviso-legal\\\/\"]}]},{\"@type\":\"BreadcrumbList\",\"@id\":\"https:\\\/\\\/www.ahumadosarte.com\\\/aviso-legal\\\/#breadcrumb\",\"itemListElement\":[{\"@type\":\"ListItem\",\"position\":1,\"name\":\"Portada\",\"item\":\"https:\\\/\\\/www.ahumadosarte.com\\\/\"},{\"@type\":\"ListItem\",\"position\":2,\"name\":\"Av\u00eds Legal\"}]},{\"@type\":\"WebSite\",\"@id\":\"https:\\\/\\\/www.ahumadosarte.com\\\/#website\",\"url\":\"https:\\\/\\\/www.ahumadosarte.com\\\/\",\"name\":\"Ahumados Arte\",\"description\":\"El arte del Ahumado\",\"publisher\":{\"@id\":\"https:\\\/\\\/www.ahumadosarte.com\\\/#organization\"},\"potentialAction\":[{\"@type\":\"SearchAction\",\"target\":{\"@type\":\"EntryPoint\",\"urlTemplate\":\"https:\\\/\\\/www.ahumadosarte.com\\\/?s={search_term_string}\"},\"query-input\":{\"@type\":\"PropertyValueSpecification\",\"valueRequired\":true,\"valueName\":\"search_term_string\"}}],\"inLanguage\":\"ca\"},{\"@type\":\"Organization\",\"@id\":\"https:\\\/\\\/www.ahumadosarte.com\\\/#organization\",\"name\":\"Ahumados Arte\",\"url\":\"https:\\\/\\\/www.ahumadosarte.com\\\/\",\"logo\":{\"@type\":\"ImageObject\",\"inLanguage\":\"ca\",\"@id\":\"https:\\\/\\\/www.ahumadosarte.com\\\/#\\\/schema\\\/logo\\\/image\\\/\",\"url\":\"https:\\\/\\\/www.ahumadosarte.com\\\/wp-content\\\/uploads\\\/2019\\\/12\\\/Ahumados-con-arte.png\",\"contentUrl\":\"https:\\\/\\\/www.ahumadosarte.com\\\/wp-content\\\/uploads\\\/2019\\\/12\\\/Ahumados-con-arte.png\",\"width\":200,\"height\":150,\"caption\":\"Ahumados Arte\"},\"image\":{\"@id\":\"https:\\\/\\\/www.ahumadosarte.com\\\/#\\\/schema\\\/logo\\\/image\\\/\"},\"sameAs\":[\"https:\\\/\\\/www.facebook.com\\\/AhumadosArte\\\/\"]}]}<\/script>\n<!-- \/ Yoast SEO plugin. -->","yoast_head_json":{"title":"Av\u00eds Legal - Ahumados Arte","robots":{"index":"index","follow":"follow","max-snippet":"max-snippet:-1","max-image-preview":"max-image-preview:large","max-video-preview":"max-video-preview:-1"},"canonical":"https:\/\/www.ahumadosarte.com\/aviso-legal\/","og_locale":"ca_ES","og_type":"article","og_title":"Av\u00eds Legal - Ahumados Arte","og_description":"[vc_row css_animation=&#8221;&#8221; row_type=&#8221;row&#8221; use_row_as_full_screen_section=&#8221;no&#8221; type=&#8221;full_width&#8221; angled_section=&#8221;no&#8221; text_align=&#8221;left&#8221; background_image_as_pattern=&#8221;without_pattern&#8221;][vc_column el_class=&#8221;textos-legales&#8221;][vc_column_text] Av\u00eds Legal [\/vc_column_text][vc_column_text el_class=&#8221;legal&#8221;] Introducci\u00f3n En cumplimiento de la Ley 34\/2002, de 11 de julio, de Servicios de la Sociedad de la Informaci\u00f3n y de Comercio Electr\u00f3nico (LSSI-CE), AHUMADOS ARTE SL informa que es titular del...","og_url":"https:\/\/www.ahumadosarte.com\/aviso-legal\/","og_site_name":"Ahumados Arte","article_publisher":"https:\/\/www.facebook.com\/AhumadosArte\/","article_modified_time":"2025-01-21T16:30:32+00:00","twitter_card":"summary_large_image","twitter_misc":{"Temps estimat de lectura":"6 minuts"},"schema":{"@context":"https:\/\/schema.org","@graph":[{"@type":"WebPage","@id":"https:\/\/www.ahumadosarte.com\/aviso-legal\/","url":"https:\/\/www.ahumadosarte.com\/aviso-legal\/","name":"Av\u00eds Legal - Ahumados Arte","isPartOf":{"@id":"https:\/\/www.ahumadosarte.com\/#website"},"datePublished":"2020-02-10T09:30:02+00:00","dateModified":"2025-01-21T16:30:32+00:00","breadcrumb":{"@id":"https:\/\/www.ahumadosarte.com\/aviso-legal\/#breadcrumb"},"inLanguage":"ca","potentialAction":[{"@type":"ReadAction","target":["https:\/\/www.ahumadosarte.com\/aviso-legal\/"]}]},{"@type":"BreadcrumbList","@id":"https:\/\/www.ahumadosarte.com\/aviso-legal\/#breadcrumb","itemListElement":[{"@type":"ListItem","position":1,"name":"Portada","item":"https:\/\/www.ahumadosarte.com\/"},{"@type":"ListItem","position":2,"name":"Av\u00eds Legal"}]},{"@type":"WebSite","@id":"https:\/\/www.ahumadosarte.com\/#website","url":"https:\/\/www.ahumadosarte.com\/","name":"Ahumados Arte","description":"El arte del Ahumado","publisher":{"@id":"https:\/\/www.ahumadosarte.com\/#organization"},"potentialAction":[{"@type":"SearchAction","target":{"@type":"EntryPoint","urlTemplate":"https:\/\/www.ahumadosarte.com\/?s={search_term_string}"},"query-input":{"@type":"PropertyValueSpecification","valueRequired":true,"valueName":"search_term_string"}}],"inLanguage":"ca"},{"@type":"Organization","@id":"https:\/\/www.ahumadosarte.com\/#organization","name":"Ahumados Arte","url":"https:\/\/www.ahumadosarte.com\/","logo":{"@type":"ImageObject","inLanguage":"ca","@id":"https:\/\/www.ahumadosarte.com\/#\/schema\/logo\/image\/","url":"https:\/\/www.ahumadosarte.com\/wp-content\/uploads\/2019\/12\/Ahumados-con-arte.png","contentUrl":"https:\/\/www.ahumadosarte.com\/wp-content\/uploads\/2019\/12\/Ahumados-con-arte.png","width":200,"height":150,"caption":"Ahumados Arte"},"image":{"@id":"https:\/\/www.ahumadosarte.com\/#\/schema\/logo\/image\/"},"sameAs":["https:\/\/www.facebook.com\/AhumadosArte\/"]}]}},"_links":{"self":[{"href":"https:\/\/www.ahumadosarte.com\/ca\/wp-json\/wp\/v2\/pages\/288","targetHints":{"allow":["GET"]}}],"collection":[{"href":"https:\/\/www.ahumadosarte.com\/ca\/wp-json\/wp\/v2\/pages"}],"about":[{"href":"https:\/\/www.ahumadosarte.com\/ca\/wp-json\/wp\/v2\/types\/page"}],"author":[{"embeddable":true,"href":"https:\/\/www.ahumadosarte.com\/ca\/wp-json\/wp\/v2\/users\/1"}],"replies":[{"embeddable":true,"href":"https:\/\/www.ahumadosarte.com\/ca\/wp-json\/wp\/v2\/comments?post=288"}],"version-history":[{"count":5,"href":"https:\/\/www.ahumadosarte.com\/ca\/wp-json\/wp\/v2\/pages\/288\/revisions"}],"predecessor-version":[{"id":373,"href":"https:\/\/www.ahumadosarte.com\/ca\/wp-json\/wp\/v2\/pages\/288\/revisions\/373"}],"wp:attachment":[{"href":"https:\/\/www.ahumadosarte.com\/ca\/wp-json\/wp\/v2\/media?parent=288"}],"curies":[{"name":"wp","href":"https:\/\/api.w.org\/{rel}","templated":true}]}}