{"id":379,"date":"2025-01-21T17:48:06","date_gmt":"2025-01-21T16:48:06","guid":{"rendered":"https:\/\/www.ahumadosarte.com\/politica-de-privadesa\/"},"modified":"2025-01-21T17:48:07","modified_gmt":"2025-01-21T16:48:07","slug":"politica-de-privadesa","status":"publish","type":"page","link":"https:\/\/www.ahumadosarte.com\/ca\/politica-de-privadesa\/","title":{"rendered":"Pol\u00edtica de Privadesa"},"content":{"rendered":"<div class=\"wpb-content-wrapper\"><p>[vc_row css_animation=&#8221;&#8221; row_type=&#8221;row&#8221; use_row_as_full_screen_section=&#8221;no&#8221; type=&#8221;full_width&#8221; angled_section=&#8221;no&#8221; text_align=&#8221;left&#8221; background_image_as_pattern=&#8221;without_pattern&#8221;][vc_column][vc_column_text]<\/p>\n<h1>Pol\u00edtica de privadesa<\/h1>\n<p>[\/vc_column_text][vc_column_text]<\/p>\n<h2>Datos del propietario de la web:<\/h2>\n<p><strong>RAZ\u00d3N SOCIAL<\/strong> AHUMADOS ARTE SL<br \/>\n<strong>NIF<\/strong> B60238201<br \/>\n<strong>DOMINIO<\/strong> https:\/\/www.ahumadosarte.com\/<br \/>\n<strong>DIRECCI\u00d3N<\/strong> <strong>POSTAL<\/strong> PG INDUSTRIAL ROQUETES 6 NAVE,08849 SANT CLIMENT DE LLOBREGAT(BARCELONA)<br \/>\n<strong>DIRECCI\u00d3N<\/strong> <strong>ELECTR\u00d3NICA<\/strong> info@ahumadosarte.com<br \/>\n<strong>TEL\u00c9FONOS<\/strong> 936372841<br \/>\n<strong>N\u00ba REGISTRO\/ DATOS <\/strong><strong>ADICIONALES<\/strong><\/p>\n<p>&nbsp;<\/p>\n<h2>Protecci\u00f3n de datos<\/h2>\n<p>De conformidad con la normativa vigente y aplicable en protecci\u00f3n de datos de car\u00e1cter personal, le<br \/>\ninformamos que sus datos ser\u00e1n incorporados al sistema de tratamiento titularidad de AHUMADOS ARTE<br \/>\nSL con NIF B60238201 y domicilio social sito en PG INDUSTRIAL ROQUETES 6 NAVE,08849 SANT<br \/>\nCLIMENT DE LLOBREGAT(BARCELONA). A continuaci\u00f3n, se facilita la informaci\u00f3n de los tratamientos<br \/>\nrealizados:<\/p>\n<p>&nbsp;<\/p>\n<h2>TRATAMIENTOS REALIZADOS<\/h2>\n<h3>Acciones comerciales formulario web<\/h3>\n<p><strong>Finalidad<\/strong>: Captaci\u00f3n, registro y tratamiento de datos con finalidades de atender<br \/>\nsus consultas y\/o solicitudes, as\u00ed como de publicidad y prospecci\u00f3n comercial.<br \/>\n<strong>Plazo de conservaci\u00f3n<\/strong>: mientras se mantenga el consentimiento prestado,<br \/>\nsalvo obligaci\u00f3n legal.<br \/>\n<strong>Base leg\u00edtima<\/strong>: El consentimiento del interesado.<br \/>\n<strong>Tipolog\u00eda de Datos<\/strong>:<br \/>\n<strong>Datos b\u00e1sicos<\/strong>: Nombre y apellidos, Direcci\u00f3n electr\u00f3nica<\/p>\n<h3>Instalaci\u00f3n de cookies<\/h3>\n<p><strong>Finalidad<\/strong>: Gesti\u00f3n e instalaci\u00f3n de las cookies.<br \/>\n<strong>Plazo de conservaci\u00f3n<\/strong>: mientras se mantenga el consentimiento prestado.<br \/>\n<strong>Base<\/strong> <strong>leg\u00edtima<\/strong>: El consentimiento del interesado.<br \/>\n<strong>Tipolog\u00eda<\/strong> <strong>de<\/strong> <strong>Datos<\/strong>:<br \/>\n<strong>Datos b\u00e1sicos<\/strong>: Direcci\u00f3n electr\u00f3nica, Direcci\u00f3n IP<\/p>\n<h3>Newsletter<\/h3>\n<p><strong>Finalidad<\/strong>: Gesti\u00f3n de la suscripci\u00f3n a la newsletter, para realizar los env\u00edos<br \/>\ncorrespondientes.<br \/>\n<strong>Plazo<\/strong> <strong>de<\/strong> <strong>conservaci\u00f3n<\/strong>: mientras se mantenga el consentimiento prestado.<br \/>\n<strong>Base leg\u00edtima<\/strong>: El consentimiento del interesado.<br \/>\n<strong>Tipolog\u00eda<\/strong> <strong>de<\/strong> <strong>Datos<\/strong>:<br \/>\n<strong>Datos<\/strong> <strong>b\u00e1sicos<\/strong>: Nombre y apellidos, Direcci\u00f3n electr\u00f3nica<\/p>\n<h3>Gesti\u00f3n Formulario web<\/h3>\n<p><strong>Finalidad<\/strong>: Atender sus consultas y\/o solicitudes.<br \/>\n<strong>Plazo<\/strong> <strong>de<\/strong> <strong>conservaci\u00f3n<\/strong>: mientras se mantenga el consentimiento prestado.<br \/>\n<strong>Base leg\u00edtima<\/strong>: El consentimiento del interesado.<br \/>\n<strong>Tipolog\u00eda<\/strong> <strong>de<\/strong> <strong>Datos<\/strong>:<br \/>\n<strong>Datos b\u00e1sicos<\/strong>: Nombre y apellidos, Direcci\u00f3n electr\u00f3nica, Direcci\u00f3n IP<\/p>\n<h3>Gesti\u00f3n usuarios web<\/h3>\n<p><strong>Finalidad<\/strong>: Captaci\u00f3n, registro y tratamiento de datos del usuario.<br \/>\n<strong>Plazo<\/strong> <strong>de<\/strong> <strong>conservaci\u00f3n<\/strong>: mientras se mantenga el consentimiento prestado, salvo obligaci\u00f3n legal.<br \/>\n<strong>Base<\/strong> <strong>leg\u00edtima<\/strong>: El consentimiento del interesado.<br \/>\n<strong>Tipolog\u00eda<\/strong> <strong>de<\/strong> <strong>Datos<\/strong>:<br \/>\n<strong>Datos b\u00e1sicos<\/strong>: Nombre y apellidos, Direcci\u00f3n electr\u00f3nica<\/p>\n<p>&nbsp;<\/p>\n<h2>Derechos de los interesados<\/h2>\n<p>AHUMADOS ARTE SL informa a los Usuarios que, podr\u00e1 ejercer los derechos de acceso, rectificaci\u00f3n,<br \/>\nlimitaci\u00f3n, supresi\u00f3n, portabilidad, oposici\u00f3n al tratamiento de sus datos de car\u00e1cter personal y el derecho<br \/>\na no ser objeto de decisiones automatizadas, incluida la elaboraci\u00f3n de perfiles, ante el Responsable del<br \/>\nTratamiento, as\u00ed como a la retirada del consentimiento prestado.<\/p>\n<ul>\n<li><strong>Derecho<\/strong> <strong>de Acceso<\/strong>: Es el derecho del usuario a obtener confirmaci\u00f3n sobre si se est\u00e1n<br \/>\ntratando sus datos y, en tal caso, los concretos datos personales tratados y la informaci\u00f3n legal<br \/>\ndel tratamiento (finalidades, base legitimadora, plazos de conservaci\u00f3n, cesiones, origen de los<br \/>\ndatos, etc.).<\/li>\n<li><strong>Derecho de Rectificaci\u00f3n<\/strong>: Es el derecho del afectado a que se modifiquen los datos que<br \/>\nresulten ser inexactos o incompletos. En relaci\u00f3n a la p\u00e1gina web, s\u00f3lo podr\u00e1 satisfacerse en<br \/>\nrelaci\u00f3n a aquella informaci\u00f3n que se encuentre bajo el control del sitio web, por ejemplo,<br \/>\neliminar comentarios publicados en la propia p\u00e1gina, im\u00e1genes o contenidos web donde consten<br \/>\ndatos de car\u00e1cter personal del usuario.<\/li>\n<li><strong>Derecho a la Limitaci\u00f3n de tratamiento<\/strong>: Es el derecho a que se limiten los fines del tratamiento<br \/>\nprevistos de forma original por el responsable del tratamiento en determinados supuestos.<\/li>\n<li><strong>Derecho de Supresi\u00f3n<\/strong>: Es el derecho a suprimir los datos de car\u00e1cter personal del usuario, a<br \/>\nexcepci\u00f3n de lo previsto en el propio RGPD (libertad de expresi\u00f3n e informaci\u00f3n, obligaciones de<br \/>\nconservaci\u00f3n, formulaci\u00f3n, ejercicio o defensa de reclamaciones, etc.).<\/li>\n<li><strong>Derecho a la Portabilidad<\/strong>: El derecho a recibir los datos personales que el usuario haya<br \/>\nfacilitado, en un formato estructurado, de uso com\u00fan y lectura mec\u00e1nica, y a transmitirlos a otro<br \/>\nresponsable cuando el tratamiento est\u00e1 basado en el consentimiento o en la ejecuci\u00f3n de un<br \/>\ncontrato y se efect\u00fae por medios automatizados.<\/li>\n<li><strong>Derecho de Oposici\u00f3n<\/strong>: Es el derecho del usuario a que no se lleve a cabo el tratamiento de sus<br \/>\ndatos de car\u00e1cter personal o se cese el tratamiento de los mismos por parte del sitio web cuando<br \/>\nel tratamiento est\u00e9 basado en el inter\u00e9s leg\u00edtimo o el inter\u00e9s p\u00fablico o cuando se trate de<br \/>\ntratamientos de mercadotecnia directa.<\/li>\n<li><strong>Derecho a no ser objeto de decisiones automatizadas, incluida la elaboraci\u00f3n de perfiles<\/strong>:<br \/>\nCuando el tratamiento no es necesario para la celebraci\u00f3n o ejecuci\u00f3n de un contrato, ni est\u00e1<br \/>\nautorizada por el Derecho de la Uni\u00f3n Europea o de los Estados miembros ni se basa en el<br \/>\nconsentimiento, tiene derecho a no ser objeto de una decisi\u00f3n basada \u00fanicamente en el<br \/>\ntratamiento automatizado, incluida la elaboraci\u00f3n de perfiles, que produzca efectos jur\u00eddicos o le<br \/>\nafecte significativamente de modo similar.<\/li>\n<li><strong>Derecho a retirar el consentimiento<\/strong>: Para cualquier tratamiento basado en su consentimiento,<br \/>\ntiene derecho a retirarlo, en cualquier momento y de manera gratuita.<\/li>\n<\/ul>\n<p>Para ejercer cualquiera de los derechos en materia de protecci\u00f3n de datos descritos anteriormente deber\u00e1<br \/>\nseguir las siguientes indicaciones:<\/p>\n<ul>\n<li>Presentaci\u00f3n de un escrito a la direcci\u00f3n PG INDUSTRIAL ROQUETES 6 NAVE,08849 SANT<br \/>\nCLIMENT DE LLOBREGAT(BARCELONA) (a la atenci\u00f3n de AHUMADOS ARTE SL) o bien a<br \/>\ntrav\u00e9s de correo electr\u00f3nico a por correo electr\u00f3nico a info@ahumadosarte.com .<\/li>\n<li>El escrito remitido por el titular de los datos personales (interesado\/a) que solicite el ejercicio de<br \/>\nderechos deber\u00e1 tener en cuenta lo siguiente:<\/p>\n<ul>\n<li>Deber\u00e1 identificarse fehacientemente y, en el caso de que concurran dudas sobre la<br \/>\nidentidad del solicitante, se le solicitar\u00e1 que subsane la petici\u00f3n (p. ej. solicitando m\u00e1s<br \/>\ninformaci\u00f3n, como el n\u00famero de DNI, el documento del DNI, el correo electr\u00f3nico que<br \/>\naport\u00f3, etc.)<\/li>\n<li>La solicitud puede realizarla el representante, legal o voluntario, cuando \u00e9ste est\u00e9<br \/>\ndebidamente identificado y autorizado por el titular de los datos (mediante una<br \/>\nautorizaci\u00f3n expresa del titular para ejercer los derechos personal\u00edsimos regulados en la<br \/>\nnormativa en materia de protecci\u00f3n de datos personales).<\/li>\n<li>Petici\u00f3n en que se concreta la solicitud (Derecho\/s que se pretende\/n ejercer). Si no<br \/>\nhace referencia a un tratamiento concreto se le facilitar\u00e1 respuesta en relaci\u00f3n a todos<br \/>\nlos tratamientos que afectan a sus datos de car\u00e1cter personal. Si solicita informaci\u00f3n de<br \/>\nun tratamiento en concreto, s\u00f3lo la informaci\u00f3n de \u00e9ste. Si lo solicita por tel\u00e9fono se le<br \/>\nindicar\u00e1 que lo haga por escrito y se le informar\u00e1 de c\u00f3mo lo puede hacer y la direcci\u00f3n<br \/>\na la que tiene que enviarlo. Nunca se le dar\u00e1 informaci\u00f3n por tel\u00e9fono.<\/li>\n<li>Direcci\u00f3n postal o electr\u00f3nica a efectos de notificaciones.<\/li>\n<li>Documentos acreditativos de la petici\u00f3n que formula, en caso de que sean necesarios.<\/li>\n<li>La persona solicitante debe utilizar cualquier medio que permita acreditar el env\u00edo y la<br \/>\nrecepci\u00f3n de la solicitud.<\/li>\n<\/ul>\n<\/li>\n<\/ul>\n<p>Por \u00faltimo, le informamos que tiene derecho a presentar una reclamaci\u00f3n ante la Agencia Espa\u00f1ola de<br \/>\nProtecci\u00f3n de Datos en caso de que tenga conocimiento o considere que un hecho pueda suponer un<br \/>\nincumplimiento de la normativa aplicable en materia de protecci\u00f3n de datos.<\/p>\n<p>AHUMADOS ARTE SL se compromete a adoptar las medidas t\u00e9cnicas y organizativas necesarias, acorde<br \/>\nal nivel de riesgos que acompa\u00f1an los tratamientos realizados por \u00e9stas e indicados en este mismo<br \/>\napartado, de forma que garanticen su integridad, confidencialidad y disponibilidad.<\/p>\n<p><strong>\u00daltima actualizaci\u00f3n: 30 de abril de 2024<\/strong>[\/vc_column_text][\/vc_column][\/vc_row]<\/p>\n<\/div>","protected":false},"excerpt":{"rendered":"<p>[vc_row css_animation=&#8221;&#8221; row_type=&#8221;row&#8221; use_row_as_full_screen_section=&#8221;no&#8221; type=&#8221;full_width&#8221; angled_section=&#8221;no&#8221; text_align=&#8221;left&#8221; background_image_as_pattern=&#8221;without_pattern&#8221;][vc_column][vc_column_text] Pol\u00edtica de privadesa [\/vc_column_text][vc_column_text] Datos del propietario de la web: RAZ\u00d3N SOCIAL AHUMADOS ARTE SL NIF B60238201 DOMINIO https:\/\/www.ahumadosarte.com\/ DIRECCI\u00d3N POSTAL PG INDUSTRIAL ROQUETES 6 NAVE,08849 SANT CLIMENT DE LLOBREGAT(BARCELONA) DIRECCI\u00d3N ELECTR\u00d3NICA info@ahumadosarte.com TEL\u00c9FONOS 936372841 N\u00ba REGISTRO\/&#8230;<\/p>\n","protected":false},"author":1,"featured_media":0,"parent":0,"menu_order":0,"comment_status":"closed","ping_status":"closed","template":"","meta":{"footnotes":""},"class_list":["post-379","page","type-page","status-publish","hentry"],"yoast_head":"<!-- This site is optimized with the Yoast SEO plugin v27.3 - https:\/\/yoast.com\/product\/yoast-seo-wordpress\/ -->\n<title>Pol\u00edtica de Privadesa - Ahumados Arte<\/title>\n<meta name=\"robots\" content=\"index, follow, max-snippet:-1, max-image-preview:large, max-video-preview:-1\" \/>\n<link rel=\"canonical\" href=\"https:\/\/www.ahumadosarte.com\/politica-de-privacidad\/\" \/>\n<meta property=\"og:locale\" content=\"ca_ES\" \/>\n<meta property=\"og:type\" content=\"article\" \/>\n<meta property=\"og:title\" content=\"Pol\u00edtica de Privadesa - Ahumados Arte\" \/>\n<meta property=\"og:description\" content=\"[vc_row css_animation=&#8221;&#8221; row_type=&#8221;row&#8221; use_row_as_full_screen_section=&#8221;no&#8221; type=&#8221;full_width&#8221; angled_section=&#8221;no&#8221; text_align=&#8221;left&#8221; background_image_as_pattern=&#8221;without_pattern&#8221;][vc_column][vc_column_text] Pol\u00edtica de privadesa [\/vc_column_text][vc_column_text] Datos del propietario de la web: RAZ\u00d3N SOCIAL AHUMADOS ARTE SL NIF B60238201 DOMINIO https:\/\/www.ahumadosarte.com\/ DIRECCI\u00d3N POSTAL PG INDUSTRIAL ROQUETES 6 NAVE,08849 SANT CLIMENT DE LLOBREGAT(BARCELONA) DIRECCI\u00d3N ELECTR\u00d3NICA info@ahumadosarte.com TEL\u00c9FONOS 936372841 N\u00ba REGISTRO\/...\" \/>\n<meta property=\"og:url\" content=\"https:\/\/www.ahumadosarte.com\/politica-de-privacidad\/\" \/>\n<meta property=\"og:site_name\" content=\"Ahumados Arte\" \/>\n<meta property=\"article:publisher\" content=\"https:\/\/www.facebook.com\/AhumadosArte\/\" \/>\n<meta property=\"article:modified_time\" content=\"2025-01-21T16:48:07+00:00\" \/>\n<meta name=\"twitter:card\" content=\"summary_large_image\" \/>\n<meta name=\"twitter:label1\" content=\"Temps estimat de lectura\" \/>\n\t<meta name=\"twitter:data1\" content=\"7 minuts\" \/>\n<script type=\"application\/ld+json\" class=\"yoast-schema-graph\">{\"@context\":\"https:\\\/\\\/schema.org\",\"@graph\":[{\"@type\":\"WebPage\",\"@id\":\"https:\\\/\\\/www.ahumadosarte.com\\\/politica-de-privacidad\\\/\",\"url\":\"https:\\\/\\\/www.ahumadosarte.com\\\/politica-de-privacidad\\\/\",\"name\":\"Pol\u00edtica de Privadesa - Ahumados Arte\",\"isPartOf\":{\"@id\":\"https:\\\/\\\/www.ahumadosarte.com\\\/#website\"},\"datePublished\":\"2025-01-21T16:48:06+00:00\",\"dateModified\":\"2025-01-21T16:48:07+00:00\",\"breadcrumb\":{\"@id\":\"https:\\\/\\\/www.ahumadosarte.com\\\/politica-de-privacidad\\\/#breadcrumb\"},\"inLanguage\":\"ca\",\"potentialAction\":[{\"@type\":\"ReadAction\",\"target\":[\"https:\\\/\\\/www.ahumadosarte.com\\\/politica-de-privacidad\\\/\"]}]},{\"@type\":\"BreadcrumbList\",\"@id\":\"https:\\\/\\\/www.ahumadosarte.com\\\/politica-de-privacidad\\\/#breadcrumb\",\"itemListElement\":[{\"@type\":\"ListItem\",\"position\":1,\"name\":\"Portada\",\"item\":\"https:\\\/\\\/www.ahumadosarte.com\\\/\"},{\"@type\":\"ListItem\",\"position\":2,\"name\":\"Pol\u00edtica de Privadesa\"}]},{\"@type\":\"WebSite\",\"@id\":\"https:\\\/\\\/www.ahumadosarte.com\\\/#website\",\"url\":\"https:\\\/\\\/www.ahumadosarte.com\\\/\",\"name\":\"Ahumados Arte\",\"description\":\"El arte del Ahumado\",\"publisher\":{\"@id\":\"https:\\\/\\\/www.ahumadosarte.com\\\/#organization\"},\"potentialAction\":[{\"@type\":\"SearchAction\",\"target\":{\"@type\":\"EntryPoint\",\"urlTemplate\":\"https:\\\/\\\/www.ahumadosarte.com\\\/?s={search_term_string}\"},\"query-input\":{\"@type\":\"PropertyValueSpecification\",\"valueRequired\":true,\"valueName\":\"search_term_string\"}}],\"inLanguage\":\"ca\"},{\"@type\":\"Organization\",\"@id\":\"https:\\\/\\\/www.ahumadosarte.com\\\/#organization\",\"name\":\"Ahumados Arte\",\"url\":\"https:\\\/\\\/www.ahumadosarte.com\\\/\",\"logo\":{\"@type\":\"ImageObject\",\"inLanguage\":\"ca\",\"@id\":\"https:\\\/\\\/www.ahumadosarte.com\\\/#\\\/schema\\\/logo\\\/image\\\/\",\"url\":\"https:\\\/\\\/www.ahumadosarte.com\\\/wp-content\\\/uploads\\\/2019\\\/12\\\/Ahumados-con-arte.png\",\"contentUrl\":\"https:\\\/\\\/www.ahumadosarte.com\\\/wp-content\\\/uploads\\\/2019\\\/12\\\/Ahumados-con-arte.png\",\"width\":200,\"height\":150,\"caption\":\"Ahumados Arte\"},\"image\":{\"@id\":\"https:\\\/\\\/www.ahumadosarte.com\\\/#\\\/schema\\\/logo\\\/image\\\/\"},\"sameAs\":[\"https:\\\/\\\/www.facebook.com\\\/AhumadosArte\\\/\"]}]}<\/script>\n<!-- \/ Yoast SEO plugin. -->","yoast_head_json":{"title":"Pol\u00edtica de Privadesa - Ahumados Arte","robots":{"index":"index","follow":"follow","max-snippet":"max-snippet:-1","max-image-preview":"max-image-preview:large","max-video-preview":"max-video-preview:-1"},"canonical":"https:\/\/www.ahumadosarte.com\/politica-de-privacidad\/","og_locale":"ca_ES","og_type":"article","og_title":"Pol\u00edtica de Privadesa - Ahumados Arte","og_description":"[vc_row css_animation=&#8221;&#8221; row_type=&#8221;row&#8221; use_row_as_full_screen_section=&#8221;no&#8221; type=&#8221;full_width&#8221; angled_section=&#8221;no&#8221; text_align=&#8221;left&#8221; background_image_as_pattern=&#8221;without_pattern&#8221;][vc_column][vc_column_text] Pol\u00edtica de privadesa [\/vc_column_text][vc_column_text] Datos del propietario de la web: RAZ\u00d3N SOCIAL AHUMADOS ARTE SL NIF B60238201 DOMINIO https:\/\/www.ahumadosarte.com\/ DIRECCI\u00d3N POSTAL PG INDUSTRIAL ROQUETES 6 NAVE,08849 SANT CLIMENT DE LLOBREGAT(BARCELONA) DIRECCI\u00d3N ELECTR\u00d3NICA info@ahumadosarte.com TEL\u00c9FONOS 936372841 N\u00ba REGISTRO\/...","og_url":"https:\/\/www.ahumadosarte.com\/politica-de-privacidad\/","og_site_name":"Ahumados Arte","article_publisher":"https:\/\/www.facebook.com\/AhumadosArte\/","article_modified_time":"2025-01-21T16:48:07+00:00","twitter_card":"summary_large_image","twitter_misc":{"Temps estimat de lectura":"7 minuts"},"schema":{"@context":"https:\/\/schema.org","@graph":[{"@type":"WebPage","@id":"https:\/\/www.ahumadosarte.com\/politica-de-privacidad\/","url":"https:\/\/www.ahumadosarte.com\/politica-de-privacidad\/","name":"Pol\u00edtica de Privadesa - Ahumados Arte","isPartOf":{"@id":"https:\/\/www.ahumadosarte.com\/#website"},"datePublished":"2025-01-21T16:48:06+00:00","dateModified":"2025-01-21T16:48:07+00:00","breadcrumb":{"@id":"https:\/\/www.ahumadosarte.com\/politica-de-privacidad\/#breadcrumb"},"inLanguage":"ca","potentialAction":[{"@type":"ReadAction","target":["https:\/\/www.ahumadosarte.com\/politica-de-privacidad\/"]}]},{"@type":"BreadcrumbList","@id":"https:\/\/www.ahumadosarte.com\/politica-de-privacidad\/#breadcrumb","itemListElement":[{"@type":"ListItem","position":1,"name":"Portada","item":"https:\/\/www.ahumadosarte.com\/"},{"@type":"ListItem","position":2,"name":"Pol\u00edtica de Privadesa"}]},{"@type":"WebSite","@id":"https:\/\/www.ahumadosarte.com\/#website","url":"https:\/\/www.ahumadosarte.com\/","name":"Ahumados Arte","description":"El arte del Ahumado","publisher":{"@id":"https:\/\/www.ahumadosarte.com\/#organization"},"potentialAction":[{"@type":"SearchAction","target":{"@type":"EntryPoint","urlTemplate":"https:\/\/www.ahumadosarte.com\/?s={search_term_string}"},"query-input":{"@type":"PropertyValueSpecification","valueRequired":true,"valueName":"search_term_string"}}],"inLanguage":"ca"},{"@type":"Organization","@id":"https:\/\/www.ahumadosarte.com\/#organization","name":"Ahumados Arte","url":"https:\/\/www.ahumadosarte.com\/","logo":{"@type":"ImageObject","inLanguage":"ca","@id":"https:\/\/www.ahumadosarte.com\/#\/schema\/logo\/image\/","url":"https:\/\/www.ahumadosarte.com\/wp-content\/uploads\/2019\/12\/Ahumados-con-arte.png","contentUrl":"https:\/\/www.ahumadosarte.com\/wp-content\/uploads\/2019\/12\/Ahumados-con-arte.png","width":200,"height":150,"caption":"Ahumados Arte"},"image":{"@id":"https:\/\/www.ahumadosarte.com\/#\/schema\/logo\/image\/"},"sameAs":["https:\/\/www.facebook.com\/AhumadosArte\/"]}]}},"_links":{"self":[{"href":"https:\/\/www.ahumadosarte.com\/ca\/wp-json\/wp\/v2\/pages\/379","targetHints":{"allow":["GET"]}}],"collection":[{"href":"https:\/\/www.ahumadosarte.com\/ca\/wp-json\/wp\/v2\/pages"}],"about":[{"href":"https:\/\/www.ahumadosarte.com\/ca\/wp-json\/wp\/v2\/types\/page"}],"author":[{"embeddable":true,"href":"https:\/\/www.ahumadosarte.com\/ca\/wp-json\/wp\/v2\/users\/1"}],"replies":[{"embeddable":true,"href":"https:\/\/www.ahumadosarte.com\/ca\/wp-json\/wp\/v2\/comments?post=379"}],"version-history":[{"count":2,"href":"https:\/\/www.ahumadosarte.com\/ca\/wp-json\/wp\/v2\/pages\/379\/revisions"}],"predecessor-version":[{"id":381,"href":"https:\/\/www.ahumadosarte.com\/ca\/wp-json\/wp\/v2\/pages\/379\/revisions\/381"}],"wp:attachment":[{"href":"https:\/\/www.ahumadosarte.com\/ca\/wp-json\/wp\/v2\/media?parent=379"}],"curies":[{"name":"wp","href":"https:\/\/api.w.org\/{rel}","templated":true}]}}