{"id":386,"date":"2025-01-21T17:56:12","date_gmt":"2025-01-21T16:56:12","guid":{"rendered":"https:\/\/www.ahumadosarte.com\/politica-de-privades-de-xarxes-socials\/"},"modified":"2025-01-21T18:00:19","modified_gmt":"2025-01-21T17:00:19","slug":"politica-de-privades-de-xarxes-socials","status":"publish","type":"page","link":"https:\/\/www.ahumadosarte.com\/ca\/politica-de-privades-de-xarxes-socials\/","title":{"rendered":"Pol\u00edtica de Privades de Xarxes Socials"},"content":{"rendered":"<div class=\"wpb-content-wrapper\"><p>[vc_row css_animation=&#8221;&#8221; row_type=&#8221;row&#8221; use_row_as_full_screen_section=&#8221;no&#8221; type=&#8221;full_width&#8221; angled_section=&#8221;no&#8221; text_align=&#8221;left&#8221; background_image_as_pattern=&#8221;without_pattern&#8221;][vc_column][vc_column_text]<\/p>\n<h1>Pol\u00edtica de Privades de Xarxes Socials<\/h1>\n<p>[\/vc_column_text][\/vc_column][\/vc_row][vc_row css_animation=&#8221;&#8221; row_type=&#8221;row&#8221; use_row_as_full_screen_section=&#8221;no&#8221; type=&#8221;full_width&#8221; angled_section=&#8221;no&#8221; text_align=&#8221;left&#8221; background_image_as_pattern=&#8221;without_pattern&#8221;][vc_column][vc_column_text]De conformidad con lo establecido en la normativa vigente y aplicable de protecci\u00f3n de datos de car\u00e1cter<br \/>\npersonal y la Ley 34\/2002, de 11 de julio, de Servicios de la Sociedad de la Informaci\u00f3n y de Comercio<br \/>\nElectr\u00f3nico (LSSI-CE), AHUMADOS ARTE SL informa a los usuarios, que ha procedido a crear un perfil<br \/>\nen la\/s Red\/es Social\/es Facebook, con la finalidad principal de publicitar sus productos y servicios.<\/p>\n<p>Datos de AHUMADOS ARTE SL:<\/p>\n<p><strong>NIF<\/strong>: B60238201<br \/>\n<strong>DIRECCI\u00d3N<\/strong>: PG INDUSTRIAL ROQUETES 6 NAVE,08849 SANT CLIMENT DE LLOBREGAT(BARCELONA)<br \/>\n<strong>CORREO<\/strong> <strong>ELECTR\u00d3NICO<\/strong>: info@ahumadosarte.com<\/p>\n<p>El usuario dispone de un perfil en la misma Red Social y ha decidido unirse a la p\u00e1gina creada por<br \/>\nAHUMADOS ARTE SL, mostrando as\u00ed inter\u00e9s en la informaci\u00f3n que se publicite en la Red. Al unirse a<br \/>\nnuestra p\u00e1gina, nos facilita su consentimiento para el tratamiento de aquellos datos personales publicados<br \/>\nen su perfil.<\/p>\n<p>El usuario puede acceder en todo momento a las pol\u00edticas de privacidad de la propia Red Social, as\u00ed como<br \/>\nconfigurar su perfil para garantizar su privacidad.<\/p>\n<p>AHUMADOS ARTE SL tiene acceso y trata aquella informaci\u00f3n p\u00fablica del usuario, en especial, su<br \/>\nnombre de contacto. Estos datos, s\u00f3lo son utilizados dentro de la propia Red Social. No son incorporados<br \/>\na ning\u00fan sistema de tratamiento.<\/p>\n<h2><\/h2>\n<h2>Derechos de los interesados<\/h2>\n<p>En relaci\u00f3n a los derechos de acceso, rectificaci\u00f3n, limitaci\u00f3n de tratamiento, supresi\u00f3n, portabilidad y<br \/>\noposici\u00f3n al tratamiento de sus datos de car\u00e1cter personal, de los que usted dispone y que pueden ser<br \/>\nejercitados ante AHUMADOS ARTE SL, de acuerdo con la RGPD, debe tener en cuenta los siguientes<br \/>\nmatices:<\/p>\n<ul>\n<li><strong>Derecho de Acceso<\/strong>: Es el derecho del usuario a obtener informaci\u00f3n sobre sus datos concretos<br \/>\nde car\u00e1cter personal y del tratamiento que se haya realizado o realice, as\u00ed como de la<br \/>\ninformaci\u00f3n disponible sobre el origen de dichos datos y las comunicaciones realizadas o<br \/>\nprevistas de los mismos.<\/li>\n<li><strong>Derecho de Rectificaci\u00f3n<\/strong>: Es el derecho del afectado a que se modifiquen los datos que resulten<br \/>\nser inexactos o incompletos. S\u00f3lo podr\u00e1 satisfacerse en relaci\u00f3n a aquella informaci\u00f3n que se<br \/>\nencuentre bajo el control de AHUMADOS ARTE SL, por ejemplo, eliminar comentarios<br \/>\npublicados en la propia p\u00e1gina, im\u00e1genes o contenidos web donde consten datos de car\u00e1cter<br \/>\npersonal del usuario.<\/li>\n<li><strong>Derecho a la Limitaci\u00f3n de tratamiento<\/strong>: Es el derecho a que se limiten los fines del tratamiento<br \/>\nprevistos de forma original por el responsable del tratamiento.<\/li>\n<li><strong>Derecho de Supresi\u00f3n<\/strong>: Es el derecho a suprimir los datos de car\u00e1cter personal del usuario, a<br \/>\nexcepci\u00f3n de lo previsto en el propio RGPD o en otras normativas aplicables que determinen la<br \/>\nobligatoriedad de la conservaci\u00f3n de los mismos, en tiempo y forma.<\/li>\n<li><strong>Derecho de portabilidad<\/strong>: El derecho a recibir los datos personales que el usuario, haya facilitado,<br \/>\nen un formato estructurado, de uso com\u00fan y lectura mec\u00e1nica, y a transmitirlos a otro<br \/>\nresponsable.<\/li>\n<li><strong>Derecho de Oposici\u00f3n<\/strong>: Es el derecho del usuario a que no se lleve a cabo el tratamiento de sus<br \/>\ndatos de car\u00e1cter personal o se cese el tratamiento de los mismos por parte de AHUMADOS<br \/>\nARTE SL.<\/li>\n<\/ul>\n<p>AHUMADOS ARTE SL realizar\u00e1 las siguientes actuaciones:<\/p>\n<ul>\n<li>Acceso a la informaci\u00f3n p\u00fablica del perfil.<\/li>\n<li>Publicaci\u00f3n en el perfil del usuario de toda aquella informaci\u00f3n ya publicada en la p\u00e1gina de<br \/>\nAHUMADOS ARTE SL.<\/li>\n<li>Enviar mensajes personales e individuales a trav\u00e9s de los canales de la Red Social.<\/li>\n<li>Actualizaciones del estado de la p\u00e1gina que se publicar\u00e1n en el perfil del usuario.<\/li>\n<\/ul>\n<p>El usuario siempre puede controlar sus conexiones, eliminar los contenidos que dejen de interesarle y<br \/>\nrestringir con qui\u00e9n comparte sus conexiones, para ello deber\u00e1 acceder a su configuraci\u00f3n de privacidad.<\/p>\n<h2><\/h2>\n<h2>Publicaciones<\/h2>\n<p>El usuario, una vez unido a la p\u00e1gina de AHUMADOS ARTE SL, podr\u00e1 publicar en \u00e9sta \u00faltima<br \/>\ncomentarios, enlaces, im\u00e1genes o fotograf\u00edas o cualquier otro tipo de contenido multimedia soportado por<br \/>\nla Red Social. El usuario, en todos los casos, debe ser el titular de los mismos, gozar de los derechos de<br \/>\nautor y de propiedad intelectual o contar con el consentimiento de los terceros afectados. Se proh\u00edbe<br \/>\nexpresamente cualquier publicaci\u00f3n en la p\u00e1gina, ya sean textos, gr\u00e1ficos, fotograf\u00edas, v\u00eddeos, etc. que<br \/>\natenten o sean susceptibles de atentar contra la moral, la \u00e9tica, el buen gusto o el decoro, y\/o que<br \/>\ninfrinjan, violen o quebranten los derechos de propiedad intelectual o industrial, el derecho a la imagen o<br \/>\nla Ley. En estos casos, AHUMADOS ARTE SL se reserva el derecho a retirar de inmediato el contenido,<br \/>\npudiendo solicitar el bloqueo permanente del usuario.<\/p>\n<p>AHUMADOS ARTE SL no se har\u00e1 responsable de los contenidos que libremente ha publicado un usuario.<\/p>\n<p>El usuario debe tener presente que sus publicaciones ser\u00e1n conocidas por los otros usuarios, por lo que<br \/>\n\u00e9l mismo es el principal responsable de su privacidad.<\/p>\n<p>Las im\u00e1genes que puedan publicarse en la p\u00e1gina no ser\u00e1n almacenadas en ning\u00fan sistema de<br \/>\ntratamiento por parte de AHUMADOS ARTE SL, pero s\u00ed que permanecer\u00e1n en la Red Social.<\/p>\n<h2><\/h2>\n<h2>Concursos y promociones<\/h2>\n<p>AHUMADOS ARTE SL se reserva el derecho a realizar concursos y promociones, en los que podr\u00e1<br \/>\nparticipar el usuario unido a su p\u00e1gina. Las bases de cada uno de ellos, cuando se utilice para ello la<br \/>\nplataforma de la Red Social, ser\u00e1n publicadas en la misma. Cumpliendo siempre con la LSSI-CE y con<br \/>\ncualquier otra norma que le sea de aplicaci\u00f3n.<\/p>\n<p>La Red Social no patrocina, avala ni administra, de modo alguno, ninguna de nuestras promociones, ni<br \/>\nest\u00e1 asociada a ninguna de ellas.<\/p>\n<h2><\/h2>\n<h2>Publicidad<\/h2>\n<p>AHUMADOS ARTE SL utilizar\u00e1 la Red Social para publicitar sus productos y servicios, en todo caso, si<br \/>\ndecide tratar sus datos de contacto para realizar acciones directas de prospecci\u00f3n comercial, ser\u00e1<br \/>\nsiempre, cumpliendo con las exigencias legales de la normativa en materia de protecci\u00f3n de datos y de la<br \/>\nLSSI-CE.<\/p>\n<p>No se considerar\u00e1 publicidad el hecho de recomendar a otros usuarios la p\u00e1gina de AHUMADOS ARTE<br \/>\nSL para que tambi\u00e9n ellos puedan disfrutar de las promociones o estar informados de su actividad.<\/p>\n<p>A continuaci\u00f3n, detallamos el enlace a la pol\u00edtica de privacidad de la Red Social:<\/p>\n<p>Facebook: https:\/\/es-es.facebook.com\/privacy\/explanation<\/p>\n<p><strong>\u00daltima actualizaci\u00f3n: 30 de abril de 2024<\/strong>[\/vc_column_text][\/vc_column][\/vc_row]<\/p>\n<\/div>","protected":false},"excerpt":{"rendered":"<p>[vc_row css_animation=&#8221;&#8221; row_type=&#8221;row&#8221; use_row_as_full_screen_section=&#8221;no&#8221; type=&#8221;full_width&#8221; angled_section=&#8221;no&#8221; text_align=&#8221;left&#8221; background_image_as_pattern=&#8221;without_pattern&#8221;][vc_column][vc_column_text] Pol\u00edtica de Privades de Xarxes Socials [\/vc_column_text][\/vc_column][\/vc_row][vc_row css_animation=&#8221;&#8221; row_type=&#8221;row&#8221; use_row_as_full_screen_section=&#8221;no&#8221; type=&#8221;full_width&#8221; angled_section=&#8221;no&#8221; text_align=&#8221;left&#8221; background_image_as_pattern=&#8221;without_pattern&#8221;][vc_column][vc_column_text]De conformidad con lo establecido en la normativa vigente y aplicable de protecci\u00f3n de datos de car\u00e1cter personal y la Ley 34\/2002, de 11&#8230;<\/p>\n","protected":false},"author":1,"featured_media":0,"parent":0,"menu_order":0,"comment_status":"closed","ping_status":"closed","template":"","meta":{"footnotes":""},"class_list":["post-386","page","type-page","status-publish","hentry"],"yoast_head":"<!-- This site is optimized with the Yoast SEO plugin v27.3 - https:\/\/yoast.com\/product\/yoast-seo-wordpress\/ -->\n<title>Pol\u00edtica de Privades de Xarxes Socials - Ahumados Arte<\/title>\n<meta name=\"robots\" content=\"index, follow, max-snippet:-1, max-image-preview:large, max-video-preview:-1\" \/>\n<link rel=\"canonical\" href=\"https:\/\/www.ahumadosarte.com\/politica-de-privacidad-de-redes-sociales\/\" \/>\n<meta property=\"og:locale\" content=\"ca_ES\" \/>\n<meta property=\"og:type\" content=\"article\" \/>\n<meta property=\"og:title\" content=\"Pol\u00edtica de Privades de Xarxes Socials - Ahumados Arte\" \/>\n<meta property=\"og:description\" content=\"[vc_row css_animation=&#8221;&#8221; row_type=&#8221;row&#8221; use_row_as_full_screen_section=&#8221;no&#8221; type=&#8221;full_width&#8221; angled_section=&#8221;no&#8221; text_align=&#8221;left&#8221; background_image_as_pattern=&#8221;without_pattern&#8221;][vc_column][vc_column_text] Pol\u00edtica de Privades de Xarxes Socials [\/vc_column_text][\/vc_column][\/vc_row][vc_row css_animation=&#8221;&#8221; row_type=&#8221;row&#8221; use_row_as_full_screen_section=&#8221;no&#8221; type=&#8221;full_width&#8221; angled_section=&#8221;no&#8221; text_align=&#8221;left&#8221; background_image_as_pattern=&#8221;without_pattern&#8221;][vc_column][vc_column_text]De conformidad con lo establecido en la normativa vigente y aplicable de protecci\u00f3n de datos de car\u00e1cter personal y la Ley 34\/2002, de 11...\" \/>\n<meta property=\"og:url\" content=\"https:\/\/www.ahumadosarte.com\/politica-de-privacidad-de-redes-sociales\/\" \/>\n<meta property=\"og:site_name\" content=\"Ahumados Arte\" \/>\n<meta property=\"article:publisher\" content=\"https:\/\/www.facebook.com\/AhumadosArte\/\" \/>\n<meta property=\"article:modified_time\" content=\"2025-01-21T17:00:19+00:00\" \/>\n<meta name=\"twitter:card\" content=\"summary_large_image\" \/>\n<meta name=\"twitter:label1\" content=\"Temps estimat de lectura\" \/>\n\t<meta name=\"twitter:data1\" content=\"6 minuts\" \/>\n<script type=\"application\/ld+json\" class=\"yoast-schema-graph\">{\"@context\":\"https:\\\/\\\/schema.org\",\"@graph\":[{\"@type\":\"WebPage\",\"@id\":\"https:\\\/\\\/www.ahumadosarte.com\\\/politica-de-privacidad-de-redes-sociales\\\/\",\"url\":\"https:\\\/\\\/www.ahumadosarte.com\\\/politica-de-privacidad-de-redes-sociales\\\/\",\"name\":\"Pol\u00edtica de Privades de Xarxes Socials - Ahumados Arte\",\"isPartOf\":{\"@id\":\"https:\\\/\\\/www.ahumadosarte.com\\\/#website\"},\"datePublished\":\"2025-01-21T16:56:12+00:00\",\"dateModified\":\"2025-01-21T17:00:19+00:00\",\"breadcrumb\":{\"@id\":\"https:\\\/\\\/www.ahumadosarte.com\\\/politica-de-privacidad-de-redes-sociales\\\/#breadcrumb\"},\"inLanguage\":\"ca\",\"potentialAction\":[{\"@type\":\"ReadAction\",\"target\":[\"https:\\\/\\\/www.ahumadosarte.com\\\/politica-de-privacidad-de-redes-sociales\\\/\"]}]},{\"@type\":\"BreadcrumbList\",\"@id\":\"https:\\\/\\\/www.ahumadosarte.com\\\/politica-de-privacidad-de-redes-sociales\\\/#breadcrumb\",\"itemListElement\":[{\"@type\":\"ListItem\",\"position\":1,\"name\":\"Portada\",\"item\":\"https:\\\/\\\/www.ahumadosarte.com\\\/\"},{\"@type\":\"ListItem\",\"position\":2,\"name\":\"Pol\u00edtica de Privades de Xarxes Socials\"}]},{\"@type\":\"WebSite\",\"@id\":\"https:\\\/\\\/www.ahumadosarte.com\\\/#website\",\"url\":\"https:\\\/\\\/www.ahumadosarte.com\\\/\",\"name\":\"Ahumados Arte\",\"description\":\"El arte del Ahumado\",\"publisher\":{\"@id\":\"https:\\\/\\\/www.ahumadosarte.com\\\/#organization\"},\"potentialAction\":[{\"@type\":\"SearchAction\",\"target\":{\"@type\":\"EntryPoint\",\"urlTemplate\":\"https:\\\/\\\/www.ahumadosarte.com\\\/?s={search_term_string}\"},\"query-input\":{\"@type\":\"PropertyValueSpecification\",\"valueRequired\":true,\"valueName\":\"search_term_string\"}}],\"inLanguage\":\"ca\"},{\"@type\":\"Organization\",\"@id\":\"https:\\\/\\\/www.ahumadosarte.com\\\/#organization\",\"name\":\"Ahumados Arte\",\"url\":\"https:\\\/\\\/www.ahumadosarte.com\\\/\",\"logo\":{\"@type\":\"ImageObject\",\"inLanguage\":\"ca\",\"@id\":\"https:\\\/\\\/www.ahumadosarte.com\\\/#\\\/schema\\\/logo\\\/image\\\/\",\"url\":\"https:\\\/\\\/www.ahumadosarte.com\\\/wp-content\\\/uploads\\\/2019\\\/12\\\/Ahumados-con-arte.png\",\"contentUrl\":\"https:\\\/\\\/www.ahumadosarte.com\\\/wp-content\\\/uploads\\\/2019\\\/12\\\/Ahumados-con-arte.png\",\"width\":200,\"height\":150,\"caption\":\"Ahumados Arte\"},\"image\":{\"@id\":\"https:\\\/\\\/www.ahumadosarte.com\\\/#\\\/schema\\\/logo\\\/image\\\/\"},\"sameAs\":[\"https:\\\/\\\/www.facebook.com\\\/AhumadosArte\\\/\"]}]}<\/script>\n<!-- \/ Yoast SEO plugin. -->","yoast_head_json":{"title":"Pol\u00edtica de Privades de Xarxes Socials - Ahumados Arte","robots":{"index":"index","follow":"follow","max-snippet":"max-snippet:-1","max-image-preview":"max-image-preview:large","max-video-preview":"max-video-preview:-1"},"canonical":"https:\/\/www.ahumadosarte.com\/politica-de-privacidad-de-redes-sociales\/","og_locale":"ca_ES","og_type":"article","og_title":"Pol\u00edtica de Privades de Xarxes Socials - Ahumados Arte","og_description":"[vc_row css_animation=&#8221;&#8221; row_type=&#8221;row&#8221; use_row_as_full_screen_section=&#8221;no&#8221; type=&#8221;full_width&#8221; angled_section=&#8221;no&#8221; text_align=&#8221;left&#8221; background_image_as_pattern=&#8221;without_pattern&#8221;][vc_column][vc_column_text] Pol\u00edtica de Privades de Xarxes Socials [\/vc_column_text][\/vc_column][\/vc_row][vc_row css_animation=&#8221;&#8221; row_type=&#8221;row&#8221; use_row_as_full_screen_section=&#8221;no&#8221; type=&#8221;full_width&#8221; angled_section=&#8221;no&#8221; text_align=&#8221;left&#8221; background_image_as_pattern=&#8221;without_pattern&#8221;][vc_column][vc_column_text]De conformidad con lo establecido en la normativa vigente y aplicable de protecci\u00f3n de datos de car\u00e1cter personal y la Ley 34\/2002, de 11...","og_url":"https:\/\/www.ahumadosarte.com\/politica-de-privacidad-de-redes-sociales\/","og_site_name":"Ahumados Arte","article_publisher":"https:\/\/www.facebook.com\/AhumadosArte\/","article_modified_time":"2025-01-21T17:00:19+00:00","twitter_card":"summary_large_image","twitter_misc":{"Temps estimat de lectura":"6 minuts"},"schema":{"@context":"https:\/\/schema.org","@graph":[{"@type":"WebPage","@id":"https:\/\/www.ahumadosarte.com\/politica-de-privacidad-de-redes-sociales\/","url":"https:\/\/www.ahumadosarte.com\/politica-de-privacidad-de-redes-sociales\/","name":"Pol\u00edtica de Privades de Xarxes Socials - Ahumados Arte","isPartOf":{"@id":"https:\/\/www.ahumadosarte.com\/#website"},"datePublished":"2025-01-21T16:56:12+00:00","dateModified":"2025-01-21T17:00:19+00:00","breadcrumb":{"@id":"https:\/\/www.ahumadosarte.com\/politica-de-privacidad-de-redes-sociales\/#breadcrumb"},"inLanguage":"ca","potentialAction":[{"@type":"ReadAction","target":["https:\/\/www.ahumadosarte.com\/politica-de-privacidad-de-redes-sociales\/"]}]},{"@type":"BreadcrumbList","@id":"https:\/\/www.ahumadosarte.com\/politica-de-privacidad-de-redes-sociales\/#breadcrumb","itemListElement":[{"@type":"ListItem","position":1,"name":"Portada","item":"https:\/\/www.ahumadosarte.com\/"},{"@type":"ListItem","position":2,"name":"Pol\u00edtica de Privades de Xarxes Socials"}]},{"@type":"WebSite","@id":"https:\/\/www.ahumadosarte.com\/#website","url":"https:\/\/www.ahumadosarte.com\/","name":"Ahumados Arte","description":"El arte del Ahumado","publisher":{"@id":"https:\/\/www.ahumadosarte.com\/#organization"},"potentialAction":[{"@type":"SearchAction","target":{"@type":"EntryPoint","urlTemplate":"https:\/\/www.ahumadosarte.com\/?s={search_term_string}"},"query-input":{"@type":"PropertyValueSpecification","valueRequired":true,"valueName":"search_term_string"}}],"inLanguage":"ca"},{"@type":"Organization","@id":"https:\/\/www.ahumadosarte.com\/#organization","name":"Ahumados Arte","url":"https:\/\/www.ahumadosarte.com\/","logo":{"@type":"ImageObject","inLanguage":"ca","@id":"https:\/\/www.ahumadosarte.com\/#\/schema\/logo\/image\/","url":"https:\/\/www.ahumadosarte.com\/wp-content\/uploads\/2019\/12\/Ahumados-con-arte.png","contentUrl":"https:\/\/www.ahumadosarte.com\/wp-content\/uploads\/2019\/12\/Ahumados-con-arte.png","width":200,"height":150,"caption":"Ahumados Arte"},"image":{"@id":"https:\/\/www.ahumadosarte.com\/#\/schema\/logo\/image\/"},"sameAs":["https:\/\/www.facebook.com\/AhumadosArte\/"]}]}},"_links":{"self":[{"href":"https:\/\/www.ahumadosarte.com\/ca\/wp-json\/wp\/v2\/pages\/386","targetHints":{"allow":["GET"]}}],"collection":[{"href":"https:\/\/www.ahumadosarte.com\/ca\/wp-json\/wp\/v2\/pages"}],"about":[{"href":"https:\/\/www.ahumadosarte.com\/ca\/wp-json\/wp\/v2\/types\/page"}],"author":[{"embeddable":true,"href":"https:\/\/www.ahumadosarte.com\/ca\/wp-json\/wp\/v2\/users\/1"}],"replies":[{"embeddable":true,"href":"https:\/\/www.ahumadosarte.com\/ca\/wp-json\/wp\/v2\/comments?post=386"}],"version-history":[{"count":4,"href":"https:\/\/www.ahumadosarte.com\/ca\/wp-json\/wp\/v2\/pages\/386\/revisions"}],"predecessor-version":[{"id":392,"href":"https:\/\/www.ahumadosarte.com\/ca\/wp-json\/wp\/v2\/pages\/386\/revisions\/392"}],"wp:attachment":[{"href":"https:\/\/www.ahumadosarte.com\/ca\/wp-json\/wp\/v2\/media?parent=386"}],"curies":[{"name":"wp","href":"https:\/\/api.w.org\/{rel}","templated":true}]}}